{"id":148,"date":"2023-01-10T09:29:26","date_gmt":"2023-01-10T08:29:26","guid":{"rendered":"http:\/\/localhost\/wordpress\/?p=148"},"modified":"2023-05-24T15:43:15","modified_gmt":"2023-05-24T13:43:15","slug":"caliperay","status":"publish","type":"page","link":"http:\/\/www.eurosonic.com\/en\/produits-systemes-ultrasons-eurosonic\/systemes-de-telesurveillance-temps-reel\/caliperay\/","title":{"rendered":"CALIPERAY\u00ae"},"content":{"rendered":"<p><a href=\"http:\/\/www.eurosonic.com\/wp-content\/uploads\/2022\/12\/ultrasons_systemes-de-telesurveillance-temps-reel_caliperay.png\"><img loading=\"lazy\" decoding=\"async\" class=\"size-medium wp-image-57 aligncenter\" src=\"http:\/\/www.eurosonic.com\/wp-content\/uploads\/2022\/12\/ultrasons_systemes-de-telesurveillance-temps-reel_caliperay-300x300.png\" alt=\"\" width=\"300\" height=\"300\" srcset=\"http:\/\/www.eurosonic.com\/wp-content\/uploads\/2022\/12\/ultrasons_systemes-de-telesurveillance-temps-reel_caliperay-300x300.png 300w, http:\/\/www.eurosonic.com\/wp-content\/uploads\/2022\/12\/ultrasons_systemes-de-telesurveillance-temps-reel_caliperay-150x150.png 150w, http:\/\/www.eurosonic.com\/wp-content\/uploads\/2022\/12\/ultrasons_systemes-de-telesurveillance-temps-reel_caliperay-12x12.png 12w, http:\/\/www.eurosonic.com\/wp-content\/uploads\/2022\/12\/ultrasons_systemes-de-telesurveillance-temps-reel_caliperay.png 315w\" sizes=\"auto, (max-width: 300px) 100vw, 300px\" \/><\/a><\/p>\n<p style=\"text-align: justify;\">Le syst\u00e8me Ultrasons Caliperay\u00ae permet de suivre l\u2019\u00e9volution de l\u2019\u00e9paisseur r\u00e9siduelle (corrosion\/\u00e9rosion) \u00e0 distance et de surveiller l&rsquo;int\u00e9grit\u00e9 des installations industrielles.(Syst\u00e8mes Atex)<br \/>\nMain CALIPERAY website :\u00a0<a href=\"https:\/\/www.caliperay.com\/\">https:\/\/www.caliperay.com\/<\/a><\/p>","protected":false},"excerpt":{"rendered":"<p>The Ultrasound Caliperay\u00ae system allows to follow the evolution of the residual thickness (corrosion\/erosion) remotely and to monitor the integrity of industrial installations.<\/p>","protected":false},"author":1,"featured_media":57,"parent":381,"menu_order":0,"comment_status":"closed","ping_status":"closed","template":"","meta":{"pgc_meta":"","footnotes":""},"class_list":["post-148","page","type-page","status-publish","has-post-thumbnail","hentry","post","post-with-thumbnail","post-with-thumbnail-large"],"pgc_meta":"","_links":{"self":[{"href":"http:\/\/www.eurosonic.com\/en\/wp-json\/wp\/v2\/pages\/148","targetHints":{"allow":["GET"]}}],"collection":[{"href":"http:\/\/www.eurosonic.com\/en\/wp-json\/wp\/v2\/pages"}],"about":[{"href":"http:\/\/www.eurosonic.com\/en\/wp-json\/wp\/v2\/types\/page"}],"author":[{"embeddable":true,"href":"http:\/\/www.eurosonic.com\/en\/wp-json\/wp\/v2\/users\/1"}],"replies":[{"embeddable":true,"href":"http:\/\/www.eurosonic.com\/en\/wp-json\/wp\/v2\/comments?post=148"}],"version-history":[{"count":11,"href":"http:\/\/www.eurosonic.com\/en\/wp-json\/wp\/v2\/pages\/148\/revisions"}],"predecessor-version":[{"id":1310,"href":"http:\/\/www.eurosonic.com\/en\/wp-json\/wp\/v2\/pages\/148\/revisions\/1310"}],"up":[{"embeddable":true,"href":"http:\/\/www.eurosonic.com\/en\/wp-json\/wp\/v2\/pages\/381"}],"wp:featuredmedia":[{"embeddable":true,"href":"http:\/\/www.eurosonic.com\/en\/wp-json\/wp\/v2\/media\/57"}],"wp:attachment":[{"href":"http:\/\/www.eurosonic.com\/en\/wp-json\/wp\/v2\/media?parent=148"}],"curies":[{"name":"wp","href":"https:\/\/api.w.org\/{rel}","templated":true}]}}