{"id":150,"date":"2023-01-10T09:28:00","date_gmt":"2023-01-10T08:28:00","guid":{"rendered":"http:\/\/localhost\/wordpress\/?p=150"},"modified":"2023-05-24T15:43:23","modified_gmt":"2023-05-24T13:43:23","slug":"monitoring-ultrasonore-rapide","status":"publish","type":"page","link":"http:\/\/www.eurosonic.com\/en\/produits-systemes-ultrasons-eurosonic\/systemes-de-telesurveillance-temps-reel\/monitoring-ultrasonore-rapide\/","title":{"rendered":"FAST UT MONITORING"},"content":{"rendered":"<p><a href=\"http:\/\/www.eurosonic.com\/wp-content\/uploads\/2022\/12\/ultrasons_systemes-de-telesurveillance-temps-reel_Monitoring-ultrasonore-rapide58p-v2.png\"><img loading=\"lazy\" decoding=\"async\" class=\"size-medium wp-image-58 aligncenter\" src=\"http:\/\/www.eurosonic.com\/wp-content\/uploads\/2022\/12\/ultrasons_systemes-de-telesurveillance-temps-reel_Monitoring-ultrasonore-rapide58p-v2-300x300.png\" alt=\"\" width=\"300\" height=\"300\" srcset=\"http:\/\/www.eurosonic.com\/wp-content\/uploads\/2022\/12\/ultrasons_systemes-de-telesurveillance-temps-reel_Monitoring-ultrasonore-rapide58p-v2-300x300.png 300w, http:\/\/www.eurosonic.com\/wp-content\/uploads\/2022\/12\/ultrasons_systemes-de-telesurveillance-temps-reel_Monitoring-ultrasonore-rapide58p-v2-150x150.png 150w, http:\/\/www.eurosonic.com\/wp-content\/uploads\/2022\/12\/ultrasons_systemes-de-telesurveillance-temps-reel_Monitoring-ultrasonore-rapide58p-v2-12x12.png 12w, http:\/\/www.eurosonic.com\/wp-content\/uploads\/2022\/12\/ultrasons_systemes-de-telesurveillance-temps-reel_Monitoring-ultrasonore-rapide58p-v2.png 315w\" sizes=\"auto, (max-width: 300px) 100vw, 300px\" \/><\/a><\/p>\n<p style=\"text-align: justify;\">MISTRAS propose des solutions uniques de monitoring Ultrasonore multivoies pour le suivi des proc\u00e9d\u00e9s ou la r\u00e9alisation d&rsquo;essais physico Chimique rapides : essais m\u00e9canique, polym\u00e9risation\u2026<\/p>","protected":false},"excerpt":{"rendered":"<p>MISTRAS propose des solutions uniques de monitoring Ultrasonore multivoies pour le suivi des proc\u00e9d\u00e9s ou la r\u00e9alisation d&rsquo;essais physico Chimique rapides<\/p>","protected":false},"author":1,"featured_media":58,"parent":381,"menu_order":0,"comment_status":"closed","ping_status":"closed","template":"","meta":{"pgc_meta":"","footnotes":""},"class_list":["post-150","page","type-page","status-publish","has-post-thumbnail","hentry","post","post-with-thumbnail","post-with-thumbnail-large"],"pgc_meta":"","_links":{"self":[{"href":"http:\/\/www.eurosonic.com\/en\/wp-json\/wp\/v2\/pages\/150","targetHints":{"allow":["GET"]}}],"collection":[{"href":"http:\/\/www.eurosonic.com\/en\/wp-json\/wp\/v2\/pages"}],"about":[{"href":"http:\/\/www.eurosonic.com\/en\/wp-json\/wp\/v2\/types\/page"}],"author":[{"embeddable":true,"href":"http:\/\/www.eurosonic.com\/en\/wp-json\/wp\/v2\/users\/1"}],"replies":[{"embeddable":true,"href":"http:\/\/www.eurosonic.com\/en\/wp-json\/wp\/v2\/comments?post=150"}],"version-history":[{"count":6,"href":"http:\/\/www.eurosonic.com\/en\/wp-json\/wp\/v2\/pages\/150\/revisions"}],"predecessor-version":[{"id":1311,"href":"http:\/\/www.eurosonic.com\/en\/wp-json\/wp\/v2\/pages\/150\/revisions\/1311"}],"up":[{"embeddable":true,"href":"http:\/\/www.eurosonic.com\/en\/wp-json\/wp\/v2\/pages\/381"}],"wp:featuredmedia":[{"embeddable":true,"href":"http:\/\/www.eurosonic.com\/en\/wp-json\/wp\/v2\/media\/58"}],"wp:attachment":[{"href":"http:\/\/www.eurosonic.com\/en\/wp-json\/wp\/v2\/media?parent=150"}],"curies":[{"name":"wp","href":"https:\/\/api.w.org\/{rel}","templated":true}]}}