{"id":1569,"date":"2026-04-10T17:39:13","date_gmt":"2026-04-10T15:39:13","guid":{"rendered":"https:\/\/www.eurosonic.com\/?page_id=1569"},"modified":"2026-04-23T11:40:28","modified_gmt":"2026-04-23T09:40:28","slug":"manipulateur-manuel-mm5-5-grande-longueur-sonde-pa-pour-cuve-immersion","status":"publish","type":"page","link":"http:\/\/www.eurosonic.com\/en\/produits-systemes-ultrasons-eurosonic\/systemes-immersions\/manipulateur-manuel-mm5-5-grande-longueur-sonde-pa-pour-cuve-immersion\/","title":{"rendered":"Manual Manipulator MM5-5, long length &amp; PA probe for immersion tank"},"content":{"rendered":"<style type=\"text\/css\">\n\t\t\t#gallery-1 {\n\t\t\t\tmargin: auto;\n\t\t\t}\n\t\t\t#gallery-1 .gallery-item {\n\t\t\t\tfloat: left;\n\t\t\t\tmargin-top: 10px;\n\t\t\t\ttext-align: center;\n\t\t\t\twidth: 50%;\n\t\t\t}\n\t\t\t#gallery-1 img {\n\t\t\t\tborder: 2px solid #cfcfcf;\n\t\t\t}\n\t\t\t#gallery-1 .gallery-caption {\n\t\t\t\tmargin-left: 0;\n\t\t\t}\n\t\t\t\/* see gallery_shortcode() in wp-includes\/media.php *\/\n\t\t<\/style>\n\t\t<div id='gallery-1' class='gallery galleryid-1569 gallery-columns-2 gallery-size-medium'><dl class='gallery-item'>\n\t\t\t<dt class='gallery-icon portrait'>\n\t\t\t\t<a href='http:\/\/www.eurosonic.com\/en\/2026\/04\/10\/manipulateur-manuel-mm5-5-pour-cuve-immersion\/photo1_mm-5-5-3\/#main'><img loading=\"lazy\" decoding=\"async\" width=\"225\" height=\"300\" src=\"http:\/\/www.eurosonic.com\/wp-content\/uploads\/2026\/04\/Photo1_MM-5-5-1-225x300.jpg\" class=\"attachment-medium size-medium\" alt=\"\" srcset=\"http:\/\/www.eurosonic.com\/wp-content\/uploads\/2026\/04\/Photo1_MM-5-5-1-225x300.jpg 225w, http:\/\/www.eurosonic.com\/wp-content\/uploads\/2026\/04\/Photo1_MM-5-5-1-768x1024.jpg 768w, http:\/\/www.eurosonic.com\/wp-content\/uploads\/2026\/04\/Photo1_MM-5-5-1-1152x1536.jpg 1152w, http:\/\/www.eurosonic.com\/wp-content\/uploads\/2026\/04\/Photo1_MM-5-5-1-1536x2048.jpg 1536w, http:\/\/www.eurosonic.com\/wp-content\/uploads\/2026\/04\/Photo1_MM-5-5-1-9x12.jpg 9w, http:\/\/www.eurosonic.com\/wp-content\/uploads\/2026\/04\/Photo1_MM-5-5-1.jpg 1828w\" sizes=\"auto, (max-width: 225px) 100vw, 225px\" \/><\/a>\n\t\t\t<\/dt><\/dl><dl class='gallery-item'>\n\t\t\t<dt class='gallery-icon landscape'>\n\t\t\t\t<a href='http:\/\/www.eurosonic.com\/en\/produits-systemes-ultrasons-eurosonic\/systemes-immersions\/manipulateur-manuel-mm5-5-grande-longueur-sonde-pa-pour-cuve-immersion\/7ce40bad-9bc8-4382-8cf1-0269d97a4cd2\/#main'><img loading=\"lazy\" decoding=\"async\" width=\"300\" height=\"225\" src=\"http:\/\/www.eurosonic.com\/wp-content\/uploads\/2026\/04\/7ce40bad-9bc8-4382-8cf1-0269d97a4cd2-300x225.png\" class=\"attachment-medium size-medium\" alt=\"\" srcset=\"http:\/\/www.eurosonic.com\/wp-content\/uploads\/2026\/04\/7ce40bad-9bc8-4382-8cf1-0269d97a4cd2-300x225.png 300w, http:\/\/www.eurosonic.com\/wp-content\/uploads\/2026\/04\/7ce40bad-9bc8-4382-8cf1-0269d97a4cd2-1024x768.png 1024w, http:\/\/www.eurosonic.com\/wp-content\/uploads\/2026\/04\/7ce40bad-9bc8-4382-8cf1-0269d97a4cd2-768x576.png 768w, http:\/\/www.eurosonic.com\/wp-content\/uploads\/2026\/04\/7ce40bad-9bc8-4382-8cf1-0269d97a4cd2-1536x1152.png 1536w, http:\/\/www.eurosonic.com\/wp-content\/uploads\/2026\/04\/7ce40bad-9bc8-4382-8cf1-0269d97a4cd2-16x12.png 16w, http:\/\/www.eurosonic.com\/wp-content\/uploads\/2026\/04\/7ce40bad-9bc8-4382-8cf1-0269d97a4cd2.png 1920w\" sizes=\"auto, (max-width: 300px) 100vw, 300px\" \/><\/a>\n\t\t\t<\/dt><\/dl><br style=\"clear: both\" \/>\n\t\t<\/div>\n\n<p>&nbsp;<\/p>\n<table>\n<tbody>\n<tr>\n<td width=\"302\">Main features<\/td>\n<td width=\"302\">Product number : MM 5-5<\/td>\n<\/tr>\n<tr>\n<td width=\"302\">Main function<\/td>\n<td width=\"302\">Normal incidence setting for immersion transducer.<\/td>\n<\/tr>\n<tr>\n<td width=\"302\">Settings mode<\/td>\n<td width=\"302\">manual<\/td>\n<\/tr>\n<tr>\n<td width=\"302\">Angles<\/td>\n<td width=\"302\">2<\/td>\n<\/tr>\n<tr>\n<td width=\"302\">Range<\/td>\n<td width=\"302\">+\/- 5 deg<\/td>\n<\/tr>\n<tr>\n<td width=\"302\">Lock screws<\/td>\n<td width=\"302\">Yes<\/td>\n<\/tr>\n<tr>\n<td width=\"302\">Connector<\/td>\n<td width=\"302\">UHF-UHF<\/td>\n<\/tr>\n<tr>\n<td width=\"302\">Available lengths<\/td>\n<td width=\"302\">127 mm \u2013 177 mm \u2013 1119 mm (with Z axis)<\/td>\n<\/tr>\n<tr>\n<td width=\"302\">UT sensors<\/td>\n<td width=\"302\">UT sensors\tMono element transducer or Phased Array probe<\/td>\n<\/tr>\n<tr>\n<td width=\"302\">Material<\/td>\n<td width=\"302\">Stainless steel<\/td>\n<\/tr>\n<tr>\n<td width=\"302\">Applications or systems<\/td>\n<td width=\"302\">Toutes cuves immersions<\/td>\n<\/tr>\n<tr>\n<td width=\"302\">User Manual reference<\/td>\n<td width=\"302\">MU\u00a0 082_MM5-5<\/td>\n<\/tr>\n<\/tbody>\n<\/table>","protected":false},"excerpt":{"rendered":"<p>&nbsp; Principales caract\u00e9ristiques R\u00e9f\u00e9rence produit MM 5-5 Utilisation R\u00e9glage Incidence normale &#8211; Immersion Mode de r\u00e9glage manuel avec vis de blocage sur les 2 angles Angles de r\u00e9glage 2 Amplitude de r\u00e9glage +\/- 5 deg Vis de blocage oui Connectique UHF-UHF Longueurs disponibles 127 mm \u2013 177 mm \u2013 1119 mm (axe Z int\u00e9gr\u00e9) Type de capteurs US Immersion mono-\u00e9l\u00e9ment ou Phased Array Mat\u00e9riau Inox Applications &amp; syst\u00e8mes Toutes cuves immersions Manuel d\u2019utilisation MU\u00a0 082_MM5-5<\/p>","protected":false},"author":1,"featured_media":1565,"parent":371,"menu_order":0,"comment_status":"closed","ping_status":"closed","template":"","meta":{"footnotes":""},"class_list":["post-1569","page","type-page","status-publish","has-post-thumbnail","hentry","post","post-with-thumbnail","post-with-thumbnail-large"],"_links":{"self":[{"href":"http:\/\/www.eurosonic.com\/en\/wp-json\/wp\/v2\/pages\/1569","targetHints":{"allow":["GET"]}}],"collection":[{"href":"http:\/\/www.eurosonic.com\/en\/wp-json\/wp\/v2\/pages"}],"about":[{"href":"http:\/\/www.eurosonic.com\/en\/wp-json\/wp\/v2\/types\/page"}],"author":[{"embeddable":true,"href":"http:\/\/www.eurosonic.com\/en\/wp-json\/wp\/v2\/users\/1"}],"replies":[{"embeddable":true,"href":"http:\/\/www.eurosonic.com\/en\/wp-json\/wp\/v2\/comments?post=1569"}],"version-history":[{"count":4,"href":"http:\/\/www.eurosonic.com\/en\/wp-json\/wp\/v2\/pages\/1569\/revisions"}],"predecessor-version":[{"id":1575,"href":"http:\/\/www.eurosonic.com\/en\/wp-json\/wp\/v2\/pages\/1569\/revisions\/1575"}],"up":[{"embeddable":true,"href":"http:\/\/www.eurosonic.com\/en\/wp-json\/wp\/v2\/pages\/371"}],"wp:featuredmedia":[{"embeddable":true,"href":"http:\/\/www.eurosonic.com\/en\/wp-json\/wp\/v2\/media\/1565"}],"wp:attachment":[{"href":"http:\/\/www.eurosonic.com\/en\/wp-json\/wp\/v2\/media?parent=1569"}],"curies":[{"name":"wp","href":"https:\/\/api.w.org\/{rel}","templated":true}]}}