{"id":177,"date":"2023-01-10T11:45:13","date_gmt":"2023-01-10T10:45:13","guid":{"rendered":"http:\/\/localhost\/wordpress\/?page_id=177"},"modified":"2026-03-31T11:48:40","modified_gmt":"2026-03-31T09:48:40","slug":"contact","status":"publish","type":"page","link":"http:\/\/www.eurosonic.com\/en\/contact\/","title":{"rendered":"Contact"},"content":{"rendered":"<div id=\"pl-177\"  class=\"panel-layout\" ><div id=\"pg-177-0\"  class=\"panel-grid panel-no-style\" ><div id=\"pgc-177-0-0\"  class=\"panel-grid-cell\" ><div id=\"panel-177-0-0-0\" class=\"so-panel widget widget_text panel-first-child panel-last-child\" data-index=\"0\" ><div class=\"panel-widget-style panel-widget-style-for-177-0-0-0\" >\t\t\t<div class=\"textwidget\"><p><strong>Address :<\/strong><b><br aria-hidden=\"true\" \/><strong>MISTRAS EUROSONIC<\/strong><br aria-hidden=\"true\" \/><span data-olk-copy-source=\"MessageBody\">50 All\u00e9e Jacqueline Auriol &#8211; <\/span><span data-olk-copy-source=\"MessageBody\">b\u00e2t. A5<\/span><br \/>\n<span data-olk-copy-source=\"MessageBody\"><b>Zac de l&rsquo;Empalli\u00e8res 13730 St\u2011Victoret<\/b><\/span><\/b><\/p>\n<\/div>\n\t\t<\/div><\/div><\/div><div id=\"pgc-177-0-1\"  class=\"panel-grid-cell\" ><div id=\"panel-177-0-1-0\" class=\"so-panel widget widget_text panel-first-child panel-last-child\" data-index=\"1\" >\t\t\t<div class=\"textwidget\"><p><strong>Tel: +33 (0)4 42 311 830<\/strong><br \/>\n<strong>@ Email :\u00a0 <a href=\"mailto:contact@eurosonic.com\">contact@eurosonic.com<\/a><\/strong><br \/>\n<strong>Country : FRANCE<\/strong><\/p>\n<\/div>\n\t\t<\/div><\/div><\/div><div id=\"pg-177-1\"  class=\"panel-grid panel-no-style\" ><div id=\"pgc-177-1-0\"  class=\"panel-grid-cell\" ><div id=\"panel-177-1-0-0\" class=\"so-panel widget widget_text panel-first-child panel-last-child\" data-index=\"2\" >\t\t\t<div class=\"textwidget\"><p><strong>Adresse:<\/strong><br \/>\n<strong>&gt; 5 minutes from Marseille-Provence Airport<\/strong><br \/>\n<strong>&gt; 10 minutes fromAix-en-Provence TGV station<\/strong><\/p>\n<\/div>\n\t\t<\/div><\/div><\/div><\/div>","protected":false},"excerpt":{"rendered":"<p>Adresse :Mistras Eurosonic50 All\u00e9e Jacqueline Auriol &#8211; b\u00e2t. A5 Zac de l&rsquo;Empalli\u00e8res 13730 St\u2011Victoret T\u00e9l\u00e9phone :\u00a0+33 (0)4 42 311 830 @ Email :\u00a0 contact@eurosonic.com Pays :\u00a0FRANCE Adresse: &gt; 5 minutes depuis Marseille-Provence Airport &gt; 10 minutes depuis Aix-en-Provence TGV station<\/p>","protected":false},"author":1,"featured_media":0,"parent":0,"menu_order":0,"comment_status":"closed","ping_status":"closed","template":"","meta":{"footnotes":""},"class_list":["post-177","page","type-page","status-publish","hentry","post"],"_links":{"self":[{"href":"http:\/\/www.eurosonic.com\/en\/wp-json\/wp\/v2\/pages\/177","targetHints":{"allow":["GET"]}}],"collection":[{"href":"http:\/\/www.eurosonic.com\/en\/wp-json\/wp\/v2\/pages"}],"about":[{"href":"http:\/\/www.eurosonic.com\/en\/wp-json\/wp\/v2\/types\/page"}],"author":[{"embeddable":true,"href":"http:\/\/www.eurosonic.com\/en\/wp-json\/wp\/v2\/users\/1"}],"replies":[{"embeddable":true,"href":"http:\/\/www.eurosonic.com\/en\/wp-json\/wp\/v2\/comments?post=177"}],"version-history":[{"count":54,"href":"http:\/\/www.eurosonic.com\/en\/wp-json\/wp\/v2\/pages\/177\/revisions"}],"predecessor-version":[{"id":1560,"href":"http:\/\/www.eurosonic.com\/en\/wp-json\/wp\/v2\/pages\/177\/revisions\/1560"}],"wp:attachment":[{"href":"http:\/\/www.eurosonic.com\/en\/wp-json\/wp\/v2\/media?parent=177"}],"curies":[{"name":"wp","href":"https:\/\/api.w.org\/{rel}","templated":true}]}}