{"id":322,"date":"2023-01-12T14:45:57","date_gmt":"2023-01-12T13:45:57","guid":{"rendered":"http:\/\/localhost\/wordpress\/?page_id=322"},"modified":"2023-02-09T11:41:43","modified_gmt":"2023-02-09T10:41:43","slug":"logiciels","status":"publish","type":"page","link":"http:\/\/www.eurosonic.com\/en\/produits-systemes-ultrasons-eurosonic\/logiciels\/","title":{"rendered":"Softwares"},"content":{"rendered":"<div id=\"pl-322\"  class=\"panel-layout\" ><div id=\"pg-322-0\"  class=\"panel-grid panel-no-style\" ><div id=\"pgc-322-0-0\"  class=\"panel-grid-cell\" ><div id=\"panel-322-0-0-0\" class=\"so-panel widget widget_text panel-first-child\" data-index=\"0\" ><div class=\"panel-widget-style panel-widget-style-for-322-0-0-0\" >\t\t\t<div class=\"textwidget\"><p>The software is a key element of a measurement system. It must be flexible, simple and can be deployed on any type of environment (workstation, touch tablet, laptop...)<br \/>\nMISTRAS develops and proposes several softwares which are adapted to the needs of the customers: integrators (OEM), manual or automatic control, data processing...<\/p>\n<\/div>\n\t\t<\/div><\/div><div id=\"panel-322-0-0-1\" class=\"so-panel widget widget_block panel-last-child\" data-index=\"1\" >      <div id=\"post-grid-lazy-570\" class=\"post-grid-lazy\"><img decoding=\"async\" alt=\"\" src=\"\" \/><\/div>\n    <script>\n      jQuery('#post-grid-lazy-570').ready(function($) {\n        $('#post-grid-lazy-570').fadeOut();\n        $('#post-grid-570   ').fadeIn();\n      })\n    <\/script>\n    <style type=\"text\/css\">\n      #post-grid-570 {\n        display: none;\n      }\n\n      .post-grid-lazy {\n        text-align: center;\n      }\n    <\/style>\n    <div data-options='{&quot;id&quot;:&quot;570&quot;,&quot;lazy_load&quot;:&quot;yes&quot;,&quot;masonry_enable&quot;:&quot;no&quot;,&quot;view_type&quot;:&quot;grid&quot;}' id=\"post-grid-570\" class=\"post-grid grid\">\n    \n\n\n    <div class=\"grid-items\">\n      <div class=\"item item-140 skin flat even 0\">\n        <div class=\"layer-wrapper layout-751\">\n          <div class=\"element element_1674663643915  thumb_link\">\r\n                    <a target=\"_self\" href=\"http:\/\/www.eurosonic.com\/en\/produits-systemes-ultrasons-eurosonic\/logiciels\/utwin\/\"><img decoding=\"async\"\r\n                    alt=\"\" src=\"http:\/\/www.eurosonic.com\/wp-content\/uploads\/2022\/12\/ultrasons_logiciels_utwin.jpg\"><\/a>\r\n            <\/div>\r\n    <div class=\"element element_1674663639443  title_link\">\r\n                    <a target=\"_self\"\r\n                href=\"http:\/\/www.eurosonic.com\/en\/produits-systemes-ultrasons-eurosonic\/logiciels\/utwin\/\">UTWIN\u2122<\/a>\r\n            <\/div>\r\n    <div class=\"element element_1674743504033  excerpt\">\r\n        Comprehensive software designed to perform automatic US acquisitions. UTWIN\u2122 has an extensive toolbox for data processing and visualization A, B and C-Scan.            <\/div>\r\n            <a class=\"element element_1674743507200  read_more\"\r\n            target=\"_self\"\r\n            href=\"http:\/\/www.eurosonic.com\/en\/produits-systemes-ultrasons-eurosonic\/logiciels\/utwin\/\">Read more<\/a>\r\n        <\/div>\n  <\/div><div class=\"item item-142 skin flat odd 1\">\n        <div class=\"layer-wrapper layout-751\">\n          <div class=\"element element_1674663643915  thumb_link\">\r\n                    <a target=\"_self\" href=\"http:\/\/www.eurosonic.com\/en\/produits-systemes-ultrasons-eurosonic\/logiciels\/euroscan-v\/\"><img decoding=\"async\"\r\n                    alt=\"\" src=\"http:\/\/www.eurosonic.com\/wp-content\/uploads\/2022\/12\/ultrasons_logiciels_euroscan-1024x576.png\"><\/a>\r\n            <\/div>\r\n    <div class=\"element element_1674663639443  title_link\">\r\n                    <a target=\"_self\"\r\n                href=\"http:\/\/www.eurosonic.com\/en\/produits-systemes-ultrasons-eurosonic\/logiciels\/euroscan-v\/\">EUROSCAN V<\/a>\r\n            <\/div>\r\n    <div class=\"element element_1674743504033  excerpt\">\r\n        Designed in collaboration with our service department to simplify the operator's work, it integrates a tab system by function and a unique multi-touch mode.            <\/div>\r\n            <a class=\"element element_1674743507200  read_more\"\r\n            target=\"_self\"\r\n            href=\"http:\/\/www.eurosonic.com\/en\/produits-systemes-ultrasons-eurosonic\/logiciels\/euroscan-v\/\">Read more<\/a>\r\n        <\/div>\n  <\/div><div class=\"item item-144 skin flat even 2\">\n        <div class=\"layer-wrapper layout-751\">\n          <div class=\"element element_1674663643915  thumb_link\">\r\n                    <a target=\"_self\" href=\"http:\/\/www.eurosonic.com\/en\/produits-systemes-ultrasons-eurosonic\/logiciels\/noesis\/\"><img decoding=\"async\"\r\n                    alt=\"\" src=\"http:\/\/www.eurosonic.com\/wp-content\/uploads\/2022\/12\/ultrasons_logiciels_noesis-ut.png\"><\/a>\r\n            <\/div>\r\n    <div class=\"element element_1674663639443  title_link\">\r\n                    <a target=\"_self\"\r\n                href=\"http:\/\/www.eurosonic.com\/en\/produits-systemes-ultrasons-eurosonic\/logiciels\/noesis\/\">NOESIS\u2122<\/a>\r\n            <\/div>\r\n    <div class=\"element element_1674743504033  excerpt\">\r\n        MISTRAS is a forerunner in the field of advanced data processing. NOESIS\u2122 offers unique tools in Ultrasound processing: extraction of new parameters, supervised analyses...            <\/div>\r\n            <a class=\"element element_1674743507200  read_more\"\r\n            target=\"_self\"\r\n            href=\"http:\/\/www.eurosonic.com\/en\/produits-systemes-ultrasons-eurosonic\/logiciels\/noesis\/\">Read more<\/a>\r\n        <\/div>\n  <\/div><div class=\"item item-146 skin flat odd 3\">\n        <div class=\"layer-wrapper layout-751\">\n          <div class=\"element element_1674663643915  thumb_link\">\r\n                    <a target=\"_self\" href=\"http:\/\/www.eurosonic.com\/en\/produits-systemes-ultrasons-eurosonic\/logiciels\/kit-de-developpement-logiciel\/\"><img decoding=\"async\"\r\n                    alt=\"\" src=\"http:\/\/www.eurosonic.com\/wp-content\/uploads\/2022\/12\/ultrasons_logiciels_kit-de-developpement-logiciel-1024x608.png\"><\/a>\r\n            <\/div>\r\n    <div class=\"element element_1674663639443  title_link\">\r\n                    <a target=\"_self\"\r\n                href=\"http:\/\/www.eurosonic.com\/en\/produits-systemes-ultrasons-eurosonic\/logiciels\/kit-de-developpement-logiciel\/\">SOFTWARE DEVELOPMENT KIT<\/a>\r\n            <\/div>\r\n    <div class=\"element element_1674743504033  excerpt\">\r\n        Our US range is open to OEM integrators with the supply of software development kits (C++, Labview, Python...).            <\/div>\r\n            <a class=\"element element_1674743507200  read_more\"\r\n            target=\"_self\"\r\n            href=\"http:\/\/www.eurosonic.com\/en\/produits-systemes-ultrasons-eurosonic\/logiciels\/kit-de-developpement-logiciel\/\">Read more<\/a>\r\n        <\/div>\n  <\/div>    <\/div>\n    <div class=\"pagination\">\n      <div class=\"paginate\">\n      <\/div>\n  <style type=\"text\/css\">\n    #post-grid-570 .pagination .page-numbers {\n      font-size: 16px;\n      color: #fff;\n      background: #646464;\n    }\n\n    #post-grid-570 .pagination .page-numbers:hover,\n    #post-grid-570 .pagination .page-numbers.current {\n      background: #4b4b4b;\n    }\n  <\/style>\n  <\/div>\n    <style type=\"text\/css\">\r\n        .layout-751 .element_1674663643915 {\r\n            overflow: hidden;\r\n                    }\r\n\r\n        .layout-751 .element_1674663643915 img {\r\n            max-width: 100%;\r\n            height: auto;\r\n        }\r\n\r\n        @media only screen and (min-width: 1024px) {\r\n            .layout-751 .element_1674663643915 {\r\n                            }\r\n        }\r\n\r\n        @media only screen and (min-width: 768px) and (max-width: 1023px) {\r\n            .layout-751 .element_1674663643915 {\r\n                            }\r\n        }\r\n\r\n        @media only screen and (min-width: 0px) and (max-width: 767px) {\r\n            .layout-751 .element_1674663643915 {\r\n                            }\r\n        }\r\n    <\/style>\r\n    <style type=\"text\/css\">\r\n        .layout-751 .element_1674663639443 {\r\n            text-align: center;\r\n            font: 30px &quot;Raleway&quot;,&quot;sans-serif&quot;,&quot;Helvetica Neue&quot;,&quot;Helvetica&quot;,&quot;Arial&quot;;\r\ncolor: #ffffff;        }\r\n\r\n        .layout-751 .element_1674663639443:hover {\r\n            color: #CC5C28;        }\r\n\r\n        .layout-751 .element_1674663639443 a {\r\n                    }\r\n    <\/style>\r\n    <style type=\"text\/css\">\r\n        .layout-751 .element_1674743504033 {\r\n            font-size: 15px;\r\n            margin: 10px 0;\r\n            text-align: center;\r\n            font: 20px &quot;Raleway&quot;,&quot;sans-serif&quot;,&quot;Helvetica Neue&quot;,&quot;Helvetica&quot;,&quot;Arial&quot;;        }\r\n\r\n        .layout-751 .element_1674743504033 a {\r\n            font-size: 15px;\r\n                    }\r\n    <\/style>\r\n    <style type=\"text\/css\">\r\n        .layout-751 .element_1674743507200 {\r\n            text-align: center;\r\n            font: 20px &quot;Raleway&quot;,&quot;sans-serif&quot;,&quot;Helvetica Neue&quot;,&quot;Helvetica&quot;,&quot;Arial&quot;;\r\nbackground-color: #0055a5;\r\npadding-inline: 3% 3%;\r\npadding-top: 1%;\r\ncolor: #ffffff;\r\npadding-bottom: 1%;        }\r\n\r\n        .layout-751 .element_1674743507200:hover {\r\n            color: #CC5C28;        }\r\n\r\n        .layout-751 .element_1674743507200 a {\r\n                    }\r\n    <\/style>\r\n      <script>\n          <\/script>\n    <style type=\"text\/css\">\n    #post-grid-570 {\n      padding: 10px;\n          }\n\n    #post-grid-570 .item {\n      padding: 0px;\n      background: #0d2149;\n          }\n\n    #post-grid-570 .item .layer-media {\n      height:auto;    }\n\n    @media only screen and (min-width: 0px) and (max-width: 767px) {\n      #post-grid-570 .grid-items {\n        text-align: center;\n              }\n\n      #post-grid-570 .item {\n        width: 95%;\n        margin: 10px;\n        display: inline-block;\n        vertical-align: top;\n        height:auto;      }\n    }\n\n    @media only screen and (min-width: 768px) and (max-width: 1023px) {\n      #post-grid-570 .grid-items {\n        text-align: center;\n              }\n\n      #post-grid-570 .item {\n        width: 42%;\n        margin: 10px;\n        display: inline-block;\n        vertical-align: top;\n        max-height:auto;      }\n    }\n\n    @media only screen and (min-width: 1024px) {\n      #post-grid-570 .grid-items {\n        text-align: center;\n              }\n\n      #post-grid-570 .item {\n        width: 30%;\n        display: inline-block;\n        margin: 10px;\n        vertical-align: top;\n        height:auto;      }\n    }\n\n      <\/style>\n  <\/div>\n<\/div><\/div><\/div><\/div>","protected":false},"excerpt":{"rendered":"<p>Le logiciel est un \u00e9l\u00e9ment clef d\u2019un syst\u00e8me de mesure. Il doit \u00eatre flexible, simple et pouvoir \u00eatre d\u00e9ploy\u00e9 sur tout type d\u2019environnement (station travail, tablette tactile, laptop\u2026) MISTRAS d\u00e9veloppe et propose plusieurs logiciels qui s\u2019adaptent aux besoins des clients : int\u00e9grateurs (OEM) contr\u00f4le manuel, automatique, traitement des donn\u00e9es\u2026<\/p>","protected":false},"author":1,"featured_media":0,"parent":414,"menu_order":0,"comment_status":"closed","ping_status":"closed","template":"","meta":{"footnotes":""},"class_list":["post-322","page","type-page","status-publish","hentry","post"],"_links":{"self":[{"href":"http:\/\/www.eurosonic.com\/en\/wp-json\/wp\/v2\/pages\/322","targetHints":{"allow":["GET"]}}],"collection":[{"href":"http:\/\/www.eurosonic.com\/en\/wp-json\/wp\/v2\/pages"}],"about":[{"href":"http:\/\/www.eurosonic.com\/en\/wp-json\/wp\/v2\/types\/page"}],"author":[{"embeddable":true,"href":"http:\/\/www.eurosonic.com\/en\/wp-json\/wp\/v2\/users\/1"}],"replies":[{"embeddable":true,"href":"http:\/\/www.eurosonic.com\/en\/wp-json\/wp\/v2\/comments?post=322"}],"version-history":[{"count":19,"href":"http:\/\/www.eurosonic.com\/en\/wp-json\/wp\/v2\/pages\/322\/revisions"}],"predecessor-version":[{"id":325,"href":"http:\/\/www.eurosonic.com\/en\/wp-json\/wp\/v2\/pages\/322\/revisions\/325"}],"up":[{"embeddable":true,"href":"http:\/\/www.eurosonic.com\/en\/wp-json\/wp\/v2\/pages\/414"}],"wp:attachment":[{"href":"http:\/\/www.eurosonic.com\/en\/wp-json\/wp\/v2\/media?parent=322"}],"curies":[{"name":"wp","href":"https:\/\/api.w.org\/{rel}","templated":true}]}}