{"id":371,"date":"2023-01-12T15:31:06","date_gmt":"2023-01-12T14:31:06","guid":{"rendered":"http:\/\/localhost\/wordpress\/?page_id=371"},"modified":"2025-01-29T09:10:05","modified_gmt":"2025-01-29T08:10:05","slug":"systemes-immersions","status":"publish","type":"page","link":"http:\/\/www.eurosonic.com\/en\/produits-systemes-ultrasons-eurosonic\/systemes-immersions\/","title":{"rendered":"Immersion Tanks"},"content":{"rendered":"<div id=\"pl-371\"  class=\"panel-layout\" ><div id=\"pg-371-0\"  class=\"panel-grid panel-no-style\" ><div id=\"pgc-371-0-0\"  class=\"panel-grid-cell\" ><div id=\"panel-371-0-0-0\" class=\"so-panel widget widget_text panel-first-child\" data-index=\"0\" ><div class=\"panel-widget-style panel-widget-style-for-371-0-0-0\" >\t\t\t<div class=\"textwidget\"><p>MISTRAS offers a complete and scalable range of immersion control systems, adapted to customer needs.<br \/>\nThe ULTRAPAC\u2122 range includes standard, small and medium-sized installations, meeting the majority of market demands. We are also able to adapt to specific applications and build systems to specifications.<\/p>\n<p>Our customers have the possibility of upgrading their installation by adding additional mechanical axes, new types of generators or new software functions over the years.<br \/>\nOur range of products combined with our experience allow us to offer an upgrade service to old MISTRAS or other competitors . Reduce your expenses by using our teams to boost your installations, by choosing the options adapted to your needs and your budget.<\/p>\n<p class=\"x_MsoNormal\">Standard scan dimensions :<\/p>\n<ul type=\"disc\">\n<li>Mini Scan XY : 300 x 300 x 60 mm<\/li>\n<li>T10-NG-HR : 200 x 250 x 60 mm<\/li>\n<li class=\"x_contentpasted2\">UPK-T18 : 250 x 250 x 375 mm<\/li>\n<li class=\"x_contentpasted2\">UPK-T24 : 600 x 450 x 300 mm<\/li>\n<li class=\"x_contentpasted2\">UPK-T36 : 900 x 600 x 450 mm<\/li>\n<\/ul>\n<\/div>\n\t\t<\/div><\/div><div id=\"panel-371-0-0-1\" class=\"so-panel widget widget_text panel-last-child\" data-index=\"1\" >\t\t\t<div class=\"textwidget\">      <div id=\"post-grid-lazy-536\" class=\"post-grid-lazy\"><img decoding=\"async\" alt=\"\" src=\"\" \/><\/div>\n    <script>\n      jQuery('#post-grid-lazy-536').ready(function($) {\n        $('#post-grid-lazy-536').fadeOut();\n        $('#post-grid-536   ').fadeIn();\n      })\n    <\/script>\n    <style type=\"text\/css\">\n      #post-grid-536 {\n        display: none;\n      }\n\n      .post-grid-lazy {\n        text-align: center;\n      }\n    <\/style>\n    <div data-options='{&quot;id&quot;:&quot;536&quot;,&quot;lazy_load&quot;:&quot;yes&quot;,&quot;masonry_enable&quot;:&quot;no&quot;,&quot;view_type&quot;:&quot;grid&quot;}' id=\"post-grid-536\" class=\"post-grid grid\">\n    \n\n\n    <div class=\"grid-items\">\n      <div class=\"item item-1522 skin flat even 0\">\n        <div class=\"layer-wrapper layout-751\">\n          <div class=\"element element_1674663643915  thumb_link\">\r\n                    <a target=\"_self\" href=\"http:\/\/www.eurosonic.com\/en\/produits-systemes-ultrasons-eurosonic\/systemes-immersions\/cuve-mini-scan-xy\/\"><img decoding=\"async\"\r\n                    alt=\"Mini Scan XY Cuve NDT testing\" src=\"http:\/\/www.eurosonic.com\/wp-content\/uploads\/2025\/01\/MiniScan-XYCuve-XY-scaled-e1737363480177-1024x804.jpg\"><\/a>\r\n            <\/div>\r\n    <div class=\"element element_1674663639443  title_link\">\r\n                    <a target=\"_self\"\r\n                href=\"http:\/\/www.eurosonic.com\/en\/produits-systemes-ultrasons-eurosonic\/systemes-immersions\/cuve-mini-scan-xy\/\">Mini Scan XY tank<\/a>\r\n            <\/div>\r\n    <div class=\"element element_1674743504033  excerpt\">\r\n                    <\/div>\r\n            <a class=\"element element_1674743507200  read_more\"\r\n            target=\"_self\"\r\n            href=\"http:\/\/www.eurosonic.com\/en\/produits-systemes-ultrasons-eurosonic\/systemes-immersions\/cuve-mini-scan-xy\/\">Read more<\/a>\r\n        <\/div>\n  <\/div><div class=\"item item-1485 skin flat odd 1\">\n        <div class=\"layer-wrapper layout-751\">\n          <div class=\"element element_1674663643915  thumb_link\">\r\n                    <a target=\"_self\" href=\"http:\/\/www.eurosonic.com\/en\/produits-systemes-ultrasons-eurosonic\/systemes-immersions\/mini-cuve-immersion\/\"><img decoding=\"async\"\r\n                    alt=\"Cuves Immersion T10-HR\" src=\"http:\/\/www.eurosonic.com\/wp-content\/uploads\/2024\/10\/Cuve-T10-NewGen-Mistras-for-Ultrasound-inspection-1024x771.jpg\"><\/a>\r\n            <\/div>\r\n    <div class=\"element element_1674663639443  title_link\">\r\n                    <a target=\"_self\"\r\n                href=\"http:\/\/www.eurosonic.com\/en\/produits-systemes-ultrasons-eurosonic\/systemes-immersions\/mini-cuve-immersion\/\">MINI IMMERSION TANK T10-HR<\/a>\r\n            <\/div>\r\n    <div class=\"element element_1674743504033  excerpt\">\r\n                    <\/div>\r\n            <a class=\"element element_1674743507200  read_more\"\r\n            target=\"_self\"\r\n            href=\"http:\/\/www.eurosonic.com\/en\/produits-systemes-ultrasons-eurosonic\/systemes-immersions\/mini-cuve-immersion\/\">Read more<\/a>\r\n        <\/div>\n  <\/div><div class=\"item item-28 skin flat even 2\">\n        <div class=\"layer-wrapper layout-751\">\n          <div class=\"element element_1674663643915  thumb_link\">\r\n                    <a target=\"_self\" href=\"http:\/\/www.eurosonic.com\/en\/produits-systemes-ultrasons-eurosonic\/systemes-immersions\/systemes-immersions-standard\/\"><img decoding=\"async\"\r\n                    alt=\"\" src=\"http:\/\/www.eurosonic.com\/wp-content\/uploads\/2022\/12\/ultrason_systeme-immersion_systeme-immersion-standards-resized.png\"><\/a>\r\n            <\/div>\r\n    <div class=\"element element_1674663639443  title_link\">\r\n                    <a target=\"_self\"\r\n                href=\"http:\/\/www.eurosonic.com\/en\/produits-systemes-ultrasons-eurosonic\/systemes-immersions\/systemes-immersions-standard\/\">STANDARD IMMERSION SYSTEMS<\/a>\r\n            <\/div>\r\n    <div class=\"element element_1674743504033  excerpt\">\r\n        The ULTRAPAC\u2122 line is the right compromise between performance, quality and price            <\/div>\r\n            <a class=\"element element_1674743507200  read_more\"\r\n            target=\"_self\"\r\n            href=\"http:\/\/www.eurosonic.com\/en\/produits-systemes-ultrasons-eurosonic\/systemes-immersions\/systemes-immersions-standard\/\">Read more<\/a>\r\n        <\/div>\n  <\/div><div class=\"item item-73 skin flat odd 3\">\n        <div class=\"layer-wrapper layout-751\">\n          <div class=\"element element_1674663643915  thumb_link\">\r\n                    <a target=\"_self\" href=\"http:\/\/www.eurosonic.com\/en\/produits-systemes-ultrasons-eurosonic\/systemes-immersions\/systemes-immersions-specifique\/\"><img decoding=\"async\"\r\n                    alt=\"\" src=\"http:\/\/www.eurosonic.com\/wp-content\/uploads\/2022\/12\/ultrason_systeme-immersion_systeme-immersion-specifiques.png\"><\/a>\r\n            <\/div>\r\n    <div class=\"element element_1674663639443  title_link\">\r\n                    <a target=\"_self\"\r\n                href=\"http:\/\/www.eurosonic.com\/en\/produits-systemes-ultrasons-eurosonic\/systemes-immersions\/systemes-immersions-specifique\/\">SPECIFIC IMMERSION SYSTEMS<\/a>\r\n            <\/div>\r\n    <div class=\"element element_1674743504033  excerpt\">\r\n        The customer's needs do not always fit into the characteristics of the standard range.            <\/div>\r\n            <a class=\"element element_1674743507200  read_more\"\r\n            target=\"_self\"\r\n            href=\"http:\/\/www.eurosonic.com\/en\/produits-systemes-ultrasons-eurosonic\/systemes-immersions\/systemes-immersions-specifique\/\">Read more<\/a>\r\n        <\/div>\n  <\/div><div class=\"item item-248 skin flat even 4\">\n        <div class=\"layer-wrapper layout-751\">\n          <div class=\"element element_1674663643915  thumb_link\">\r\n                    <a target=\"_self\" href=\"http:\/\/www.eurosonic.com\/en\/produits-systemes-ultrasons-eurosonic\/systemes-immersions\/remise-a-niveau-de-systemes-en-immersions\/\"><img decoding=\"async\"\r\n                    alt=\"\" src=\"http:\/\/www.eurosonic.com\/wp-content\/uploads\/2022\/12\/ultrason_systemeImmersion_retrofit.png\"><\/a>\r\n            <\/div>\r\n    <div class=\"element element_1674663639443  title_link\">\r\n                    <a target=\"_self\"\r\n                href=\"http:\/\/www.eurosonic.com\/en\/produits-systemes-ultrasons-eurosonic\/systemes-immersions\/remise-a-niveau-de-systemes-en-immersions\/\">IMMERSION SYSTEMS UPGRADE<\/a>\r\n            <\/div>\r\n    <div class=\"element element_1674743504033  excerpt\">\r\n        MISTRAS offers to restart old ON\/OFF Line installations            <\/div>\r\n            <a class=\"element element_1674743507200  read_more\"\r\n            target=\"_self\"\r\n            href=\"http:\/\/www.eurosonic.com\/en\/produits-systemes-ultrasons-eurosonic\/systemes-immersions\/remise-a-niveau-de-systemes-en-immersions\/\">Read more<\/a>\r\n        <\/div>\n  <\/div><div class=\"item item-1058 skin flat odd 5\">\n        <div class=\"layer-wrapper layout-751\">\n          <div class=\"element element_1674663643915  thumb_link\">\r\n                    <a target=\"_self\" href=\"http:\/\/www.eurosonic.com\/en\/produits-systemes-ultrasons-eurosonic\/systemes-immersions\/plateaux-tournants-350mm-90kg\/\"><img decoding=\"async\"\r\n                    alt=\"Plateau tournant amovible (T-D350).\" src=\"http:\/\/www.eurosonic.com\/wp-content\/uploads\/2024\/06\/T-D350-743x1024.jpg\"><\/a>\r\n            <\/div>\r\n    <div class=\"element element_1674663639443  title_link\">\r\n                    <a target=\"_self\"\r\n                href=\"http:\/\/www.eurosonic.com\/en\/produits-systemes-ultrasons-eurosonic\/systemes-immersions\/plateaux-tournants-350mm-90kg\/\">Turntables 350mm-90kg<\/a>\r\n            <\/div>\r\n    <div class=\"element element_1674743504033  excerpt\">\r\n        Diameter 350 mm - acceptable weight 90 kg.            <\/div>\r\n            <a class=\"element element_1674743507200  read_more\"\r\n            target=\"_self\"\r\n            href=\"http:\/\/www.eurosonic.com\/en\/produits-systemes-ultrasons-eurosonic\/systemes-immersions\/plateaux-tournants-350mm-90kg\/\">Read more<\/a>\r\n        <\/div>\n  <\/div><div class=\"item item-1062 skin flat even 6\">\n        <div class=\"layer-wrapper layout-751\">\n          <div class=\"element element_1674663643915  thumb_link\">\r\n                    <a target=\"_self\" href=\"http:\/\/www.eurosonic.com\/en\/produits-systemes-ultrasons-eurosonic\/systemes-immersions\/plateaux-tournants-900mm-300kg\/\"><img decoding=\"async\"\r\n                    alt=\"\" src=\"http:\/\/www.eurosonic.com\/wp-content\/uploads\/2023\/03\/thumbnail_Turntable-T-D900Small.jpg\"><\/a>\r\n            <\/div>\r\n    <div class=\"element element_1674663639443  title_link\">\r\n                    <a target=\"_self\"\r\n                href=\"http:\/\/www.eurosonic.com\/en\/produits-systemes-ultrasons-eurosonic\/systemes-immersions\/plateaux-tournants-900mm-300kg\/\">Turntables 900mm-300kg<\/a>\r\n            <\/div>\r\n    <div class=\"element element_1674743504033  excerpt\">\r\n        900 mm diameter - acceptable weight 300 kg            <\/div>\r\n            <a class=\"element element_1674743507200  read_more\"\r\n            target=\"_self\"\r\n            href=\"http:\/\/www.eurosonic.com\/en\/produits-systemes-ultrasons-eurosonic\/systemes-immersions\/plateaux-tournants-900mm-300kg\/\">Read more<\/a>\r\n        <\/div>\n  <\/div><div class=\"item item-1068 skin flat odd 7\">\n        <div class=\"layer-wrapper layout-751\">\n          <div class=\"element element_1674663643915  thumb_link\">\r\n                    <a target=\"_self\" href=\"http:\/\/www.eurosonic.com\/en\/produits-systemes-ultrasons-eurosonic\/systemes-immersions\/manipulateur-manuel\/\"><img decoding=\"async\"\r\n                    alt=\"\" src=\"http:\/\/www.eurosonic.com\/wp-content\/uploads\/2022\/12\/ultrason_systeme-immersion_accessoires-immersion.png\"><\/a>\r\n            <\/div>\r\n    <div class=\"element element_1674663639443  title_link\">\r\n                    <a target=\"_self\"\r\n                href=\"http:\/\/www.eurosonic.com\/en\/produits-systemes-ultrasons-eurosonic\/systemes-immersions\/manipulateur-manuel\/\">MANUAL MANIPULATOR<\/a>\r\n            <\/div>\r\n    <div class=\"element element_1674743504033  excerpt\">\r\n        2-axis manual manipulator for Immersion sensor            <\/div>\r\n            <a class=\"element element_1674743507200  read_more\"\r\n            target=\"_self\"\r\n            href=\"http:\/\/www.eurosonic.com\/en\/produits-systemes-ultrasons-eurosonic\/systemes-immersions\/manipulateur-manuel\/\">Read more<\/a>\r\n        <\/div>\n  <\/div><div class=\"item item-1569 skin flat even 8\">\n        <div class=\"layer-wrapper layout-751\">\n          <div class=\"element element_1674663643915  thumb_link\">\r\n                    <a target=\"_self\" href=\"http:\/\/www.eurosonic.com\/en\/produits-systemes-ultrasons-eurosonic\/systemes-immersions\/manipulateur-manuel-mm5-5-grande-longueur-sonde-pa-pour-cuve-immersion\/\"><img decoding=\"async\"\r\n                    alt=\"\" src=\"http:\/\/www.eurosonic.com\/wp-content\/uploads\/2026\/04\/Photo1_MM-5-5-1-768x1024.jpg\"><\/a>\r\n            <\/div>\r\n    <div class=\"element element_1674663639443  title_link\">\r\n                    <a target=\"_self\"\r\n                href=\"http:\/\/www.eurosonic.com\/en\/produits-systemes-ultrasons-eurosonic\/systemes-immersions\/manipulateur-manuel-mm5-5-grande-longueur-sonde-pa-pour-cuve-immersion\/\">Manual Manipulator MM5-5, long length &amp; PA probe for immersion tank<\/a>\r\n            <\/div>\r\n    <div class=\"element element_1674743504033  excerpt\">\r\n                    <\/div>\r\n            <a class=\"element element_1674743507200  read_more\"\r\n            target=\"_self\"\r\n            href=\"http:\/\/www.eurosonic.com\/en\/produits-systemes-ultrasons-eurosonic\/systemes-immersions\/manipulateur-manuel-mm5-5-grande-longueur-sonde-pa-pour-cuve-immersion\/\">Read more<\/a>\r\n        <\/div>\n  <\/div>    <\/div>\n    <div class=\"pagination\">\n      <div class=\"paginate\">\n      <\/div>\n  <style type=\"text\/css\">\n    #post-grid-536 .pagination .page-numbers {\n      font-size: 16px;\n      color: #fff;\n      background: #646464;\n    }\n\n    #post-grid-536 .pagination .page-numbers:hover,\n    #post-grid-536 .pagination .page-numbers.current {\n      background: #4b4b4b;\n    }\n  <\/style>\n  <\/div>\n    <style type=\"text\/css\">\r\n        .layout-751 .element_1674663643915 {\r\n            overflow: hidden;\r\n                    }\r\n\r\n        .layout-751 .element_1674663643915 img {\r\n            max-width: 100%;\r\n            height: auto;\r\n        }\r\n\r\n        @media only screen and (min-width: 1024px) {\r\n            .layout-751 .element_1674663643915 {\r\n                            }\r\n        }\r\n\r\n        @media only screen and (min-width: 768px) and (max-width: 1023px) {\r\n            .layout-751 .element_1674663643915 {\r\n                            }\r\n        }\r\n\r\n        @media only screen and (min-width: 0px) and (max-width: 767px) {\r\n            .layout-751 .element_1674663643915 {\r\n                            }\r\n        }\r\n    <\/style>\r\n    <style type=\"text\/css\">\r\n        .layout-751 .element_1674663639443 {\r\n            text-align: center;\r\n            font: 30px &quot;Raleway&quot;,&quot;sans-serif&quot;,&quot;Helvetica Neue&quot;,&quot;Helvetica&quot;,&quot;Arial&quot;;\r\ncolor: #ffffff;        }\r\n\r\n        .layout-751 .element_1674663639443:hover {\r\n            color: #CC5C28;        }\r\n\r\n        .layout-751 .element_1674663639443 a {\r\n                    }\r\n    <\/style>\r\n    <style type=\"text\/css\">\r\n        .layout-751 .element_1674743504033 {\r\n            font-size: 15px;\r\n            margin: 10px 0;\r\n            text-align: center;\r\n            font: 20px &quot;Raleway&quot;,&quot;sans-serif&quot;,&quot;Helvetica Neue&quot;,&quot;Helvetica&quot;,&quot;Arial&quot;;        }\r\n\r\n        .layout-751 .element_1674743504033 a {\r\n            font-size: 15px;\r\n                    }\r\n    <\/style>\r\n    <style type=\"text\/css\">\r\n        .layout-751 .element_1674743507200 {\r\n            text-align: center;\r\n            font: 20px &quot;Raleway&quot;,&quot;sans-serif&quot;,&quot;Helvetica Neue&quot;,&quot;Helvetica&quot;,&quot;Arial&quot;;\r\nbackground-color: #0055a5;\r\npadding-inline: 3% 3%;\r\npadding-top: 1%;\r\ncolor: #ffffff;\r\npadding-bottom: 1%;        }\r\n\r\n        .layout-751 .element_1674743507200:hover {\r\n            color: #CC5C28;        }\r\n\r\n        .layout-751 .element_1674743507200 a {\r\n                    }\r\n    <\/style>\r\n      <script>\n          <\/script>\n    <style type=\"text\/css\">\n    #post-grid-536 {\n      padding: 10px;\n          }\n\n    #post-grid-536 .item {\n      padding: 0px;\n      background: #0d2149;\n          }\n\n    #post-grid-536 .item .layer-media {\n      height:auto;    }\n\n    @media only screen and (min-width: 0px) and (max-width: 767px) {\n      #post-grid-536 .grid-items {\n        text-align: center;\n              }\n\n      #post-grid-536 .item {\n        width: 95%;\n        margin: 10px;\n        display: inline-block;\n        vertical-align: top;\n        height:auto;      }\n    }\n\n    @media only screen and (min-width: 768px) and (max-width: 1023px) {\n      #post-grid-536 .grid-items {\n        text-align: center;\n              }\n\n      #post-grid-536 .item {\n        width: 42%;\n        margin: 10px;\n        display: inline-block;\n        vertical-align: top;\n        max-height:auto;      }\n    }\n\n    @media only screen and (min-width: 1024px) {\n      #post-grid-536 .grid-items {\n        text-align: center;\n              }\n\n      #post-grid-536 .item {\n        width: 30%;\n        display: inline-block;\n        margin: 10px;\n        vertical-align: top;\n        height:auto;      }\n    }\n\n      <\/style>\n  <\/div>\n\n<\/div>\n\t\t<\/div><\/div><\/div><\/div>","protected":false},"excerpt":{"rendered":"<p>MISTRAS propose une gamme compl\u00e8te et \u00e9volutive de syst\u00e8mes de contr\u00f4le par immersions, adapt\u00e9e aux besoins des clients. La gamme ULTRAPAC\u2122 regroupe des installations standards de petites et moyennes dimensions, r\u00e9pondant \u00e0 la majorit\u00e9 des demandes du march\u00e9. Nous sommes \u00e9galement en mesure de nous adapter aux applications sp\u00e9cifiques et de construire des syst\u00e8mes sur cahier des charges. Nos clients ont la possibilit\u00e9 de faire \u00e9voluer leur installation en ajoutant au cours des ann\u00e9es des axes m\u00e9caniques suppl\u00e9mentaires, de nouveaux types de g\u00e9n\u00e9rateurs ou encore de nouvelles fonctionnalit\u00e9s logicielles. Notre gamme de produits associ\u00e9e \u00e0 notre exp\u00e9rience nous permettent de proposer un service de remise \u00e0 niveau d\u2019anciennes installations de contr\u00f4le MISTRAS ou autre. R\u00e9duisez vos d\u00e9penses en ayant recours \u00e0 nos \u00e9quipes pour booster vos installations, en choisissant les options adapt\u00e9es \u00e0 vos besoins et \u00e0 votre budget. Dimensions scans utiles en standard : Mini Scan XY : 300 x 300 x 60 mm T10-NG-HR : 200 x 250 x 60 mm UPK-T18 : 250 x 250 x 375 mm UPK-T24 : 600 x 450 x 300 mm UPK-T36 : 900 x 600 x 450 mm<\/p>","protected":false},"author":1,"featured_media":0,"parent":414,"menu_order":0,"comment_status":"closed","ping_status":"closed","template":"","meta":{"footnotes":""},"class_list":["post-371","page","type-page","status-publish","hentry","post"],"_links":{"self":[{"href":"http:\/\/www.eurosonic.com\/en\/wp-json\/wp\/v2\/pages\/371","targetHints":{"allow":["GET"]}}],"collection":[{"href":"http:\/\/www.eurosonic.com\/en\/wp-json\/wp\/v2\/pages"}],"about":[{"href":"http:\/\/www.eurosonic.com\/en\/wp-json\/wp\/v2\/types\/page"}],"author":[{"embeddable":true,"href":"http:\/\/www.eurosonic.com\/en\/wp-json\/wp\/v2\/users\/1"}],"replies":[{"embeddable":true,"href":"http:\/\/www.eurosonic.com\/en\/wp-json\/wp\/v2\/comments?post=371"}],"version-history":[{"count":34,"href":"http:\/\/www.eurosonic.com\/en\/wp-json\/wp\/v2\/pages\/371\/revisions"}],"predecessor-version":[{"id":1524,"href":"http:\/\/www.eurosonic.com\/en\/wp-json\/wp\/v2\/pages\/371\/revisions\/1524"}],"up":[{"embeddable":true,"href":"http:\/\/www.eurosonic.com\/en\/wp-json\/wp\/v2\/pages\/414"}],"wp:attachment":[{"href":"http:\/\/www.eurosonic.com\/en\/wp-json\/wp\/v2\/media?parent=371"}],"curies":[{"name":"wp","href":"https:\/\/api.w.org\/{rel}","templated":true}]}}