{"id":443,"date":"2023-01-12T17:27:41","date_gmt":"2023-01-12T16:27:41","guid":{"rendered":"http:\/\/localhost\/wordpress\/?page_id=443"},"modified":"2023-02-16T11:51:13","modified_gmt":"2023-02-16T10:51:13","slug":"home","status":"publish","type":"page","link":"http:\/\/www.eurosonic.com\/en\/","title":{"rendered":"Home"},"content":{"rendered":"<div id=\"pl-443\"  class=\"panel-layout\" ><div id=\"pg-443-0\"  class=\"panel-grid panel-no-style\" ><div id=\"pgc-443-0-0\"  class=\"panel-grid-cell\" ><div id=\"panel-443-0-0-0\" class=\"so-panel widget widget_text panel-first-child panel-last-child\" data-index=\"0\" ><div class=\"panel-widget-style panel-widget-style-for-443-0-0-0\" >\t\t\t<div class=\"textwidget\"><p>Products &amp; Services:<\/p>\n<ul>\n<li>UT, embedded electronics, mechanicals industrials designs and softwares<\/li>\n<li>Design and production of US flaw detectors (single and multi-channel).<\/li>\n<li>Manual and motorized scanners (up to 16 axes).<\/li>\n<li>Specific inspection systems.<\/li>\n<li>Expertise.<\/li>\n<li>Weld inspection, thickness measurements, automated systems, monitoring, OEM, R&amp;D\u2026<\/li>\n<li>Applications in Oil \/ Chemistry \/ Aeronautics \/ Composite \/ Transport \/ Civil engineering\u2026<\/li>\n<\/ul>\n<p>&nbsp;<\/p>\n<\/div>\n\t\t<\/div><\/div><\/div><\/div><\/div>","protected":false},"excerpt":{"rendered":"<p>Produits &amp; Services: Ultrasons,\u00a0Electronique embarqu\u00e9e, conceptions industrielles m\u00e9caniques et logiciels. Conception et r\u00e9alisation de d\u00e9tecteurs de d\u00e9fauts par ultrasons (mono et multivoie). Scanners manuels et\u00a0motoris\u00e9s\u00a0(jusqu&rsquo;\u00e0 16 axes). Syst\u00e8mes d&rsquo;inspection sp\u00e9cifiques. Expertise. Inspection de soudures, mesures d&rsquo;\u00e9paisseurs, syst\u00e8mes automatis\u00e9s, monitoring, OEM, R&amp;D&#8230; Applications P\u00e9trole \/ Chimie \/ A\u00e9ronautique \/ Composite \/ Transport \/ G\u00e9nie civil &#8230; &nbsp;<\/p>","protected":false},"author":1,"featured_media":0,"parent":0,"menu_order":0,"comment_status":"closed","ping_status":"closed","template":"home-panels.php","meta":{"footnotes":""},"class_list":["post-443","page","type-page","status-publish","hentry","post"],"_links":{"self":[{"href":"http:\/\/www.eurosonic.com\/en\/wp-json\/wp\/v2\/pages\/443","targetHints":{"allow":["GET"]}}],"collection":[{"href":"http:\/\/www.eurosonic.com\/en\/wp-json\/wp\/v2\/pages"}],"about":[{"href":"http:\/\/www.eurosonic.com\/en\/wp-json\/wp\/v2\/types\/page"}],"author":[{"embeddable":true,"href":"http:\/\/www.eurosonic.com\/en\/wp-json\/wp\/v2\/users\/1"}],"replies":[{"embeddable":true,"href":"http:\/\/www.eurosonic.com\/en\/wp-json\/wp\/v2\/comments?post=443"}],"version-history":[{"count":19,"href":"http:\/\/www.eurosonic.com\/en\/wp-json\/wp\/v2\/pages\/443\/revisions"}],"predecessor-version":[{"id":1045,"href":"http:\/\/www.eurosonic.com\/en\/wp-json\/wp\/v2\/pages\/443\/revisions\/1045"}],"wp:attachment":[{"href":"http:\/\/www.eurosonic.com\/en\/wp-json\/wp\/v2\/media?parent=443"}],"curies":[{"name":"wp","href":"https:\/\/api.w.org\/{rel}","templated":true}]}}