{"id":1485,"date":"2024-10-28T10:27:02","date_gmt":"2024-10-28T09:27:02","guid":{"rendered":"https:\/\/www.eurosonic.com\/?page_id=1485"},"modified":"2024-11-06T09:32:40","modified_gmt":"2024-11-06T08:32:40","slug":"mini-cuve-immersion","status":"publish","type":"page","link":"https:\/\/www.eurosonic.com\/en\/produits-systemes-ultrasons-eurosonic\/systemes-immersions\/mini-cuve-immersion\/","title":{"rendered":"MINI IMMERSION TANK T10-HR"},"content":{"rendered":"<div class=\"wp-block-image\">\r\n<figure class=\"aligncenter size-large is-resized\"><img loading=\"lazy\" decoding=\"async\" width=\"1024\" height=\"771\" class=\"wp-image-1480\" style=\"width: 466px; height: auto;\" src=\"https:\/\/www.eurosonic.com\/wp-content\/uploads\/2024\/10\/Cuve-T10-NewGen-Mistras-for-Ultrasound-inspection-1024x771.jpg\" alt=\"Cuves Immersion T10-HR\" srcset=\"https:\/\/www.eurosonic.com\/wp-content\/uploads\/2024\/10\/Cuve-T10-NewGen-Mistras-for-Ultrasound-inspection-1024x771.jpg 1024w, https:\/\/www.eurosonic.com\/wp-content\/uploads\/2024\/10\/Cuve-T10-NewGen-Mistras-for-Ultrasound-inspection-300x226.jpg 300w, https:\/\/www.eurosonic.com\/wp-content\/uploads\/2024\/10\/Cuve-T10-NewGen-Mistras-for-Ultrasound-inspection-768x578.jpg 768w, https:\/\/www.eurosonic.com\/wp-content\/uploads\/2024\/10\/Cuve-T10-NewGen-Mistras-for-Ultrasound-inspection-1536x1157.jpg 1536w, https:\/\/www.eurosonic.com\/wp-content\/uploads\/2024\/10\/Cuve-T10-NewGen-Mistras-for-Ultrasound-inspection-2048x1542.jpg 2048w, https:\/\/www.eurosonic.com\/wp-content\/uploads\/2024\/10\/Cuve-T10-NewGen-Mistras-for-Ultrasound-inspection-16x12.jpg 16w\" sizes=\"auto, (max-width: 1024px) 100vw, 1024px\" \/>\r\n<figcaption class=\"wp-element-caption\">Immersion tank T10-HR<\/figcaption>\r\n<\/figure>\r\n<\/div>\r\n\r\n\r\n<p>Equipped with 3 motorized axes with ball screws and fully enclosed, this tank is suitable for any quality control or non-destructive testing laboratory (solder inspection, HIC, composite, etc.).<\/p>\r\n\r\n\r\n\r\n<p>Easily transportable, it can also be used at multiple sites.<\/p>\r\n\r\n\r\n\r\n<p>This immersion tank can be used with any Mistras ultrasound generator but can be used with an existing client ultrasound generator (Phase Array, High Frequency, etc.) thanks to the presence of encoder outputs ! This installation works with the UTwin software for axis control and data analysis.<\/p>\r\n\r\n\r\n\r\n<p>Main features :<\/p>\r\n\r\n\r\n\r\n<figure class=\"wp-block-table\">\r\n<table class=\"has-fixed-layout\">\r\n<tbody>\r\n<tr>\r\n<td>Reference<\/td>\r\n<td>Mini immersion tank T10-NG-HR<\/td>\r\n<\/tr>\r\n<tr>\r\n<td>Scan area<br \/>Manual displacement (X-Y)<br \/>Manual motion<br \/>Encoders output<br \/>0\u00b0 normal incidence adjustement<br \/>Encoder resolution<br \/>Motorized axis<br \/>Motorization<br \/>Speed<\/td>\r\n<td>200 per 250 mm (can be adjusted)<br \/>60 mm (can be adjusted)<br \/>Yes<br \/>Yes<br \/>Yes (+\/- 5\u00b0)<br \/>&lt; 0,01 mm<br \/>X-Y-Z<br \/>Step by step or brushless<br \/>160 mm\/s max<\/td>\r\n<\/tr>\r\n<tr>\r\n<td>UT generator<br \/>External UT generator<br \/>UT connector<br \/>Software<\/td>\r\n<td>UTC110\/ IPRAD board<br \/>Yes (encoders Output)<br \/>UHF (can be adjusted)<br \/>UTwin<\/td>\r\n<\/tr>\r\n<tr>\r\n<td>Computer<br \/>Emergency stop<br \/>Power supply<br \/>User Manual Reference<\/td>\r\n<td>Mini PC or desktop computer<br \/>Yes<br \/>110 V \/ 220 V<br \/>MU-066<\/td>\r\n<\/tr>\r\n<tr>\r\n<td>Applications<\/td>\r\n<td>weld and brazing inspection, <br \/>HIC inspection<br \/>composite inspection \u2026<\/td>\r\n<\/tr>\r\n<\/tbody>\r\n<\/table>\r\n<\/figure>","protected":false},"excerpt":{"rendered":"<p>Equip\u00e9e de 3 axes motoris\u00e9es avec vis \u00e0 billes et enti\u00e8rement cart\u00e9ris\u00e9e, cette cuve trouve sa place dans tout laboratoire de contr\u00f4le qualit\u00e9 ou contr\u00f4le non destructif (contr\u00f4le de brasure, HIC, composite\u2026). Facilement transportable elle peut \u00e9galement convenir \u00e0 une utilisation sur plusieurs sites. La cuve fonctionne avec un g\u00e9n\u00e9rateur ultrasons Mistras mais peut \u00eatre utilis\u00e9e avec un g\u00e9n\u00e9rateur ultrasons existant du client (Phase Array, Haute Fr\u00e9quence\u2026) gr\u00e2ce \u00e0 la pr\u00e9sence de sortie codeurs. Cette installation fonctionne avec le logiciel UTwin pour le pilotage des axes et l\u2019analyse des donn\u00e9es. Synth\u00e8se des caract\u00e9ristiques : Nom du syst\u00e8me Mini cuve immersion T10-NG-HR Surface scan utileD\u00e9placement Axe ZD\u00e9placement manuelSortie codeursR\u00e9glage incidence normal capteurR\u00e9solution codeursAxes motoris\u00e9sMotorisationVitesse de d\u00e9placement 200 par 250 mm (adaptation possible)60 mm (adaptation possible)ouiOuiOui (+\/- 5\u00b0)&lt; 0,01 mmX-Y-ZPas \u00e0 pas ou brushless160 mm\/s max Syst\u00e8me Ultrasons MistrasCompatibilit\u00e9 syst\u00e8me Ultrasons\u00a0autreConnecteur pour traducteurLogiciel de pilotage UTC110\/carte IPRADOui via sorties codeursUHF (adaptation possible)UTwin OrdinateurArr\u00eat d\u2019urgenceAlimentationManuel Utilisation Mini PC ou touroui220 VMU-066 Applications Contr\u00f4le soudure\/ brasure, inspection composite,contr\u00f4le HIC, recherche porosit\u00e9\u2026<\/p>","protected":false},"author":1,"featured_media":1480,"parent":371,"menu_order":0,"comment_status":"closed","ping_status":"closed","template":"","meta":{"footnotes":""},"class_list":["post-1485","page","type-page","status-publish","has-post-thumbnail","hentry","post","post-with-thumbnail","post-with-thumbnail-large"],"_links":{"self":[{"href":"https:\/\/www.eurosonic.com\/en\/wp-json\/wp\/v2\/pages\/1485","targetHints":{"allow":["GET"]}}],"collection":[{"href":"https:\/\/www.eurosonic.com\/en\/wp-json\/wp\/v2\/pages"}],"about":[{"href":"https:\/\/www.eurosonic.com\/en\/wp-json\/wp\/v2\/types\/page"}],"author":[{"embeddable":true,"href":"https:\/\/www.eurosonic.com\/en\/wp-json\/wp\/v2\/users\/1"}],"replies":[{"embeddable":true,"href":"https:\/\/www.eurosonic.com\/en\/wp-json\/wp\/v2\/comments?post=1485"}],"version-history":[{"count":11,"href":"https:\/\/www.eurosonic.com\/en\/wp-json\/wp\/v2\/pages\/1485\/revisions"}],"predecessor-version":[{"id":1501,"href":"https:\/\/www.eurosonic.com\/en\/wp-json\/wp\/v2\/pages\/1485\/revisions\/1501"}],"up":[{"embeddable":true,"href":"https:\/\/www.eurosonic.com\/en\/wp-json\/wp\/v2\/pages\/371"}],"wp:featuredmedia":[{"embeddable":true,"href":"https:\/\/www.eurosonic.com\/en\/wp-json\/wp\/v2\/media\/1480"}],"wp:attachment":[{"href":"https:\/\/www.eurosonic.com\/en\/wp-json\/wp\/v2\/media?parent=1485"}],"curies":[{"name":"wp","href":"https:\/\/api.w.org\/{rel}","templated":true}]}}