{"id":152,"date":"2023-01-10T09:29:07","date_gmt":"2023-01-10T08:29:07","guid":{"rendered":"http:\/\/localhost\/wordpress\/?p=152"},"modified":"2023-05-24T15:40:20","modified_gmt":"2023-05-24T13:40:20","slug":"etudes-rd","status":"publish","type":"page","link":"https:\/\/www.eurosonic.com\/en\/produits-systemes-ultrasons-eurosonic\/services\/etudes-rd\/","title":{"rendered":"R&amp;D STUDIES"},"content":{"rendered":"<p><a href=\"http:\/\/www.eurosonic.com\/wp-content\/uploads\/2022\/12\/ultrasons_services_etude-rdjpg.png\"><img loading=\"lazy\" decoding=\"async\" class=\"size-medium wp-image-51 aligncenter\" src=\"http:\/\/www.eurosonic.com\/wp-content\/uploads\/2022\/12\/ultrasons_services_etude-rdjpg-300x300.png\" alt=\"\" width=\"300\" height=\"300\" srcset=\"https:\/\/www.eurosonic.com\/wp-content\/uploads\/2022\/12\/ultrasons_services_etude-rdjpg-300x300.png 300w, https:\/\/www.eurosonic.com\/wp-content\/uploads\/2022\/12\/ultrasons_services_etude-rdjpg-150x150.png 150w, https:\/\/www.eurosonic.com\/wp-content\/uploads\/2022\/12\/ultrasons_services_etude-rdjpg-12x12.png 12w, https:\/\/www.eurosonic.com\/wp-content\/uploads\/2022\/12\/ultrasons_services_etude-rdjpg.png 315w\" sizes=\"auto, (max-width: 300px) 100vw, 300px\" \/><\/a><\/p>\n<p style=\"text-align: justify;\">Our application engineers are at your disposal to study your R&amp;D problems in non-destructive testing. In laboratory or on site, you can consult us for your tests.<\/p>","protected":false},"excerpt":{"rendered":"<p>Nos ing\u00e9nieurs d\u2019applications sont \u00e0 votre disposition pour \u00e9tudier votre probl\u00e9matique R&#038;D de Contr\u00f4le Non Destructif. En laboratoire ou sur site, vous pouvez nous consulter pour vos essais<\/p>","protected":false},"author":1,"featured_media":51,"parent":401,"menu_order":0,"comment_status":"closed","ping_status":"closed","template":"","meta":{"footnotes":""},"class_list":["post-152","page","type-page","status-publish","has-post-thumbnail","hentry","post","post-with-thumbnail","post-with-thumbnail-large"],"_links":{"self":[{"href":"https:\/\/www.eurosonic.com\/en\/wp-json\/wp\/v2\/pages\/152","targetHints":{"allow":["GET"]}}],"collection":[{"href":"https:\/\/www.eurosonic.com\/en\/wp-json\/wp\/v2\/pages"}],"about":[{"href":"https:\/\/www.eurosonic.com\/en\/wp-json\/wp\/v2\/types\/page"}],"author":[{"embeddable":true,"href":"https:\/\/www.eurosonic.com\/en\/wp-json\/wp\/v2\/users\/1"}],"replies":[{"embeddable":true,"href":"https:\/\/www.eurosonic.com\/en\/wp-json\/wp\/v2\/comments?post=152"}],"version-history":[{"count":8,"href":"https:\/\/www.eurosonic.com\/en\/wp-json\/wp\/v2\/pages\/152\/revisions"}],"predecessor-version":[{"id":1307,"href":"https:\/\/www.eurosonic.com\/en\/wp-json\/wp\/v2\/pages\/152\/revisions\/1307"}],"up":[{"embeddable":true,"href":"https:\/\/www.eurosonic.com\/en\/wp-json\/wp\/v2\/pages\/401"}],"wp:featuredmedia":[{"embeddable":true,"href":"https:\/\/www.eurosonic.com\/en\/wp-json\/wp\/v2\/media\/51"}],"wp:attachment":[{"href":"https:\/\/www.eurosonic.com\/en\/wp-json\/wp\/v2\/media?parent=152"}],"curies":[{"name":"wp","href":"https:\/\/api.w.org\/{rel}","templated":true}]}}