{"id":1522,"date":"2025-01-29T08:53:14","date_gmt":"2025-01-29T07:53:14","guid":{"rendered":"https:\/\/www.eurosonic.com\/?page_id=1522"},"modified":"2025-01-29T15:03:02","modified_gmt":"2025-01-29T14:03:02","slug":"cuve-mini-scan-xy","status":"publish","type":"page","link":"https:\/\/www.eurosonic.com\/en\/produits-systemes-ultrasons-eurosonic\/systemes-immersions\/cuve-mini-scan-xy\/","title":{"rendered":"Mini Scan XY tank"},"content":{"rendered":"<div class=\"wp-block-group\"><div class=\"wp-block-group__inner-container is-layout-constrained wp-block-group-is-layout-constrained\">\r\n<figure class=\"wp-block-gallery has-nested-images columns-default is-cropped wp-block-gallery-1 is-layout-flex wp-block-gallery-is-layout-flex\">\r\n<figure class=\"wp-block-image size-large\"><img loading=\"lazy\" decoding=\"async\" width=\"1024\" height=\"804\" data-id=\"1505\" src=\"https:\/\/www.eurosonic.com\/wp-content\/uploads\/2025\/01\/MiniScan-XYCuve-XY-scaled-e1737363480177-1024x804.jpg\" alt=\"Mini Scan XY Cuve NDT testing\" class=\"wp-image-1505\" srcset=\"https:\/\/www.eurosonic.com\/wp-content\/uploads\/2025\/01\/MiniScan-XYCuve-XY-scaled-e1737363480177-1024x804.jpg 1024w, https:\/\/www.eurosonic.com\/wp-content\/uploads\/2025\/01\/MiniScan-XYCuve-XY-scaled-e1737363480177-300x235.jpg 300w, https:\/\/www.eurosonic.com\/wp-content\/uploads\/2025\/01\/MiniScan-XYCuve-XY-scaled-e1737363480177-768x603.jpg 768w, https:\/\/www.eurosonic.com\/wp-content\/uploads\/2025\/01\/MiniScan-XYCuve-XY-scaled-e1737363480177-1536x1205.jpg 1536w, https:\/\/www.eurosonic.com\/wp-content\/uploads\/2025\/01\/MiniScan-XYCuve-XY-scaled-e1737363480177-2048x1607.jpg 2048w, https:\/\/www.eurosonic.com\/wp-content\/uploads\/2025\/01\/MiniScan-XYCuve-XY-scaled-e1737363480177-15x12.jpg 15w\" sizes=\"auto, (max-width: 1024px) 100vw, 1024px\" \/><figcaption class=\"wp-element-caption\">Mini Scan XY<\/figcaption><\/figure>\r\n\r\n\r\n\r\n<figure class=\"wp-block-image size-large\"><img loading=\"lazy\" decoding=\"async\" width=\"1024\" height=\"771\" data-id=\"1504\" src=\"https:\/\/www.eurosonic.com\/wp-content\/uploads\/2025\/01\/Touch-Panel-Mini-Scan-XY-1024x771.jpg\" alt=\"Mini Scan XY touch panel NDT testing\" class=\"wp-image-1504\" srcset=\"https:\/\/www.eurosonic.com\/wp-content\/uploads\/2025\/01\/Touch-Panel-Mini-Scan-XY-1024x771.jpg 1024w, https:\/\/www.eurosonic.com\/wp-content\/uploads\/2025\/01\/Touch-Panel-Mini-Scan-XY-300x226.jpg 300w, https:\/\/www.eurosonic.com\/wp-content\/uploads\/2025\/01\/Touch-Panel-Mini-Scan-XY-768x578.jpg 768w, https:\/\/www.eurosonic.com\/wp-content\/uploads\/2025\/01\/Touch-Panel-Mini-Scan-XY-1536x1157.jpg 1536w, https:\/\/www.eurosonic.com\/wp-content\/uploads\/2025\/01\/Touch-Panel-Mini-Scan-XY-2048x1542.jpg 2048w, https:\/\/www.eurosonic.com\/wp-content\/uploads\/2025\/01\/Touch-Panel-Mini-Scan-XY-16x12.jpg 16w\" sizes=\"auto, (max-width: 1024px) 100vw, 1024px\" \/><figcaption class=\"wp-element-caption\">Mini Scan XY<\/figcaption><\/figure>\r\n<\/figure>\r\n<\/div><\/div>\r\n\r\n\r\n\r\n<p>Immersion tank with 2 motorized axes for professional or academic training centers: the Mini Scan XY tank. <strong>la cuve Mini Scan XY<\/strong>.<\/p>\r\n\r\n\r\n\r\n<p>Easy to use, it is equipped with a touch control tablet to program the movements of the immersion sensor. The operator does not need more than 5 minutes to launch a Cscan. This installation can also be controlled by UTwin or Euroscan software via a PC and a USB cable.<\/p>\r\n\r\n\r\n\r\n<p>The presence of encoder outputs on the tank allows you to work with any Ultrasound generator or any measuring means (Eddy Current, etc.).<\/p>\r\n\r\n\r\n\r\n<p>The Mini Scan XY tank is easily transportable and can be used on several sites.<\/p>\r\n\r\n\r\n\r\n<p>The price of this tank is suitable for training centers, do not hesitate to contact the Mistras Eurosonic team for a quote request.<\/p>\r\n\r\n\r\n\r\n<figure class=\"wp-block-table\"><table class=\"has-fixed-layout\"><tbody><tr><td><strong>Main features<\/strong><\/td><td>M<strong>ini Scan XY<\/strong><\/td><\/tr><tr><td>Scan area<\/td><td>300 *  300 mm (can be tailored)<\/td><\/tr><tr><td>Manual displacement (X-Y)<\/td><td>60 mm (can be tailored)<\/td><\/tr><tr><td>Manual motion<\/td><td>Axe Z<\/td><\/tr><tr><td>Encoders output<\/td><td>2<\/td><\/tr><tr><td>Encoder resolution<\/td><td>0,01 mm<\/td><\/tr><tr><td>Motorized axis<\/td><td>X-Y<\/td><\/tr><tr><td>Motorization<\/td><td>Step by step<\/td><\/tr><tr><td>Speed<\/td><td>150 mm\/s max<\/td><\/tr><tr><td>Motion mode<\/td><td>Manual or automatic<\/td><\/tr><tr><td>Scan mode<\/td><td>Unidirectional &amp; bi drectional<\/td><\/tr><tr><td>Acrylic tank<\/td><td>included<\/td><\/tr><tr><td>&nbsp;<\/td><td>&nbsp;<\/td><\/tr><tr><td>UT system<\/td><td>All UT system can be used<\/td><\/tr><tr><td>UT connector<\/td><td>UHF (can be adjusted)<\/td><\/tr><tr><td>Motion control<\/td><td>Touch control panel or software  (PC required)<\/td><\/tr><tr><td>&nbsp;<\/td><td>&nbsp;<\/td><\/tr><tr><td>Emergency stop<\/td><td>Yes<\/td><\/tr><tr><td>Power supply<\/td><td>110 V \/ 220 V<\/td><\/tr><tr><td>User Manual Reference<\/td><td>Reference MU-062-<\/td><\/tr><tr><td>&nbsp;<\/td><td>&nbsp;<\/td><\/tr><tr><td>Applications<\/td><td>All immersion tests<\/td><\/tr><\/tbody><\/table><\/figure>","protected":false},"excerpt":{"rendered":"<p>Cuve immersion avec 2 axes motoris\u00e9s pour les centres de formation professionnelles ou acad\u00e9miques : la cuve Mini Scan XY. Simple d\u2019utilisation, elle est \u00e9quip\u00e9e d\u2019une console de pilotage tactile pour programmer les d\u00e9placements du capteur immersion. L\u2019op\u00e9rateur n\u2019a pas besoin de plus de 5 minutes pour lancer un Cscan. Cette installation peut \u00eatre \u00e9galement pilot\u00e9e par les logiciels UTwin ou Euroscan via un PC et un c\u00e2ble USB. La pr\u00e9sence de sortie codeurs sur la cuve permet de travailler avec tout g\u00e9n\u00e9rateur Ultrasons ou tout moyen de mesure (Courant de Foucaults\u2026). La cuve Mini Scan XY est facilement transportable et peut \u00eatre utilis\u00e9e sur plusieurs sites. Le prix de cette cuve est adapt\u00e9 aux centres de formation, n\u2019h\u00e9sitez pas \u00e0 contacter l\u2019\u00e9quipe Mistras Eurosonic pour une demande de devis. Caract\u00e9ristiques Mini Scan XY Surface scan utile 300 par 300 mm (modifiable) D\u00e9placement Axe Z 60 mm (modifiable) D\u00e9placement manuel Axe Z Sortie codeurs 2 R\u00e9solution codeurs 0,01 mm Axes motoris\u00e9s X-Y Motorisation Pas \u00e0 pas Vitesse de d\u00e9placement 150 mm\/s max Mode de d\u00e9placement Manuel ou automatique Mode de scan Unidirectionnel &amp; bidrectionnel Bac transparent inclus &nbsp; &nbsp; Syst\u00e8me Ultrasons Tout syst\u00e8me avec entr\u00e9es codeurs Connecteur pour traducteur UHF (adaptation possible) pilotage Console de pilotage ou logiciels (PC requis) &nbsp; &nbsp; Arr\u00eat d\u2019urgence oui Alimentation 220 V Manuel Utilisation R\u00e9f\u00e9rence MU-062- &nbsp; &nbsp; Applications Toute application Immersion<\/p>","protected":false},"author":1,"featured_media":1505,"parent":371,"menu_order":0,"comment_status":"closed","ping_status":"closed","template":"","meta":{"footnotes":""},"class_list":["post-1522","page","type-page","status-publish","has-post-thumbnail","hentry","post","post-with-thumbnail","post-with-thumbnail-large"],"_links":{"self":[{"href":"https:\/\/www.eurosonic.com\/en\/wp-json\/wp\/v2\/pages\/1522","targetHints":{"allow":["GET"]}}],"collection":[{"href":"https:\/\/www.eurosonic.com\/en\/wp-json\/wp\/v2\/pages"}],"about":[{"href":"https:\/\/www.eurosonic.com\/en\/wp-json\/wp\/v2\/types\/page"}],"author":[{"embeddable":true,"href":"https:\/\/www.eurosonic.com\/en\/wp-json\/wp\/v2\/users\/1"}],"replies":[{"embeddable":true,"href":"https:\/\/www.eurosonic.com\/en\/wp-json\/wp\/v2\/comments?post=1522"}],"version-history":[{"count":1,"href":"https:\/\/www.eurosonic.com\/en\/wp-json\/wp\/v2\/pages\/1522\/revisions"}],"predecessor-version":[{"id":1523,"href":"https:\/\/www.eurosonic.com\/en\/wp-json\/wp\/v2\/pages\/1522\/revisions\/1523"}],"up":[{"embeddable":true,"href":"https:\/\/www.eurosonic.com\/en\/wp-json\/wp\/v2\/pages\/371"}],"wp:featuredmedia":[{"embeddable":true,"href":"https:\/\/www.eurosonic.com\/en\/wp-json\/wp\/v2\/media\/1505"}],"wp:attachment":[{"href":"https:\/\/www.eurosonic.com\/en\/wp-json\/wp\/v2\/media?parent=1522"}],"curies":[{"name":"wp","href":"https:\/\/api.w.org\/{rel}","templated":true}]}}