{"id":190,"date":"2023-01-10T16:56:25","date_gmt":"2023-01-10T15:56:25","guid":{"rendered":"http:\/\/localhost\/wordpress\/?page_id=190"},"modified":"2023-02-13T13:54:45","modified_gmt":"2023-02-13T12:54:45","slug":"actualitees","status":"publish","type":"page","link":"https:\/\/www.eurosonic.com\/en\/actualitees\/","title":{"rendered":"News"},"content":{"rendered":"<div id=\"pl-190\"  class=\"panel-layout\" ><div id=\"pg-190-0\"  class=\"panel-grid panel-no-style\" ><div id=\"pgc-190-0-0\"  class=\"panel-grid-cell\" ><div id=\"panel-190-0-0-0\" class=\"so-panel widget widget_block panel-first-child panel-last-child\" data-index=\"0\" >      <div id=\"post-grid-lazy-663\" class=\"post-grid-lazy\"><img decoding=\"async\" alt=\"\" src=\"\" \/><\/div>\n    <script>\n      jQuery('#post-grid-lazy-663').ready(function($) {\n        $('#post-grid-lazy-663').fadeOut();\n        $('#post-grid-663   ').fadeIn();\n      })\n    <\/script>\n    <style type=\"text\/css\">\n      #post-grid-663 {\n        display: none;\n      }\n\n      .post-grid-lazy {\n        text-align: center;\n      }\n    <\/style>\n    <div data-options='{&quot;id&quot;:&quot;663&quot;,&quot;lazy_load&quot;:&quot;yes&quot;,&quot;masonry_enable&quot;:&quot;no&quot;,&quot;view_type&quot;:&quot;grid&quot;}' id=\"post-grid-663\" class=\"post-grid grid\">\n    \n\n\n    <div class=\"grid-items\">\n      <div class=\"item item-1562 skin flat even 0\">\n        <div class=\"layer-wrapper layout-751\">\n          <div class=\"element element_1674663643915  thumb_link\">\r\n                    <a target=\"_self\" href=\"https:\/\/www.eurosonic.com\/en\/2026\/04\/10\/manipulateur-manuel-mm5-5-pour-cuve-immersion\/\"><img decoding=\"async\"\r\n                    alt=\"\" src=\"https:\/\/www.eurosonic.com\/wp-content\/uploads\/2026\/04\/Photo1_MM-5-5-1-768x1024.jpg\"><\/a>\r\n            <\/div>\r\n    <div class=\"element element_1674663639443  title_link\">\r\n                    <a target=\"_self\"\r\n                href=\"https:\/\/www.eurosonic.com\/en\/2026\/04\/10\/manipulateur-manuel-mm5-5-pour-cuve-immersion\/\">Manual Manipulator MM5-5 for immersion tank<\/a>\r\n            <\/div>\r\n    <div class=\"element element_1674743504033  excerpt\">\r\n        Manual manipulator for quick adjustment to 2 angles            <\/div>\r\n            <a class=\"element element_1674743507200  read_more\"\r\n            target=\"_self\"\r\n            href=\"https:\/\/www.eurosonic.com\/en\/2026\/04\/10\/manipulateur-manuel-mm5-5-pour-cuve-immersion\/\">Read more<\/a>\r\n        <\/div>\n  <\/div><div class=\"item item-1503 skin flat odd 1\">\n        <div class=\"layer-wrapper layout-751\">\n          <div class=\"element element_1674663643915  thumb_link\">\r\n                    <a target=\"_self\" href=\"https:\/\/www.eurosonic.com\/en\/2025\/01\/20\/cuve-immersion-miniscan-xy\/\"><img decoding=\"async\"\r\n                    alt=\"Mini Scan XY Cuve NDT testing\" src=\"https:\/\/www.eurosonic.com\/wp-content\/uploads\/2025\/01\/MiniScan-XYCuve-XY-scaled-e1737363480177-1024x804.jpg\"><\/a>\r\n            <\/div>\r\n    <div class=\"element element_1674663639443  title_link\">\r\n                    <a target=\"_self\"\r\n                href=\"https:\/\/www.eurosonic.com\/en\/2025\/01\/20\/cuve-immersion-miniscan-xy\/\">Mini Scan XY tank<\/a>\r\n            <\/div>\r\n    <div class=\"element element_1674743504033  excerpt\">\r\n        Two motorized axes designed for professional and academic training centers.            <\/div>\r\n            <a class=\"element element_1674743507200  read_more\"\r\n            target=\"_self\"\r\n            href=\"https:\/\/www.eurosonic.com\/en\/2025\/01\/20\/cuve-immersion-miniscan-xy\/\">Read more<\/a>\r\n        <\/div>\n  <\/div><div class=\"item item-1479 skin flat even 2\">\n        <div class=\"layer-wrapper layout-751\">\n          <div class=\"element element_1674663643915  thumb_link\">\r\n                    <a target=\"_self\" href=\"https:\/\/www.eurosonic.com\/en\/2024\/10\/28\/cuves-immersion-t10-hr\/\"><img decoding=\"async\"\r\n                    alt=\"Cuves Immersion T10-HR\" src=\"https:\/\/www.eurosonic.com\/wp-content\/uploads\/2024\/10\/Cuve-T10-NewGen-Mistras-for-Ultrasound-inspection-1024x771.jpg\"><\/a>\r\n            <\/div>\r\n    <div class=\"element element_1674663639443  title_link\">\r\n                    <a target=\"_self\"\r\n                href=\"https:\/\/www.eurosonic.com\/en\/2024\/10\/28\/cuves-immersion-t10-hr\/\">Immersion tank T10-HR<\/a>\r\n            <\/div>\r\n    <div class=\"element element_1674743504033  excerpt\">\r\n        Next\u2011generation immersion tank for ultrasonic non\u2011destructive testing.            <\/div>\r\n            <a class=\"element element_1674743507200  read_more\"\r\n            target=\"_self\"\r\n            href=\"https:\/\/www.eurosonic.com\/en\/2024\/10\/28\/cuves-immersion-t10-hr\/\">Read more<\/a>\r\n        <\/div>\n  <\/div><div class=\"item item-1474 skin flat odd 3\">\n        <div class=\"layer-wrapper layout-751\">\n          <div class=\"element element_1674663643915  thumb_link\">\r\n                    <a target=\"_self\" href=\"https:\/\/www.eurosonic.com\/en\/2024\/06\/19\/1474\/\"><img decoding=\"async\"\r\n                    alt=\"Plateau tournant amovible (T-D350).\" src=\"https:\/\/www.eurosonic.com\/wp-content\/uploads\/2024\/06\/T-D350-743x1024.jpg\"><\/a>\r\n            <\/div>\r\n    <div class=\"element element_1674663639443  title_link\">\r\n                    <a target=\"_self\"\r\n                href=\"https:\/\/www.eurosonic.com\/en\/2024\/06\/19\/1474\/\">Removable turntable T-D350<\/a>\r\n            <\/div>\r\n    <div class=\"element element_1674743504033  excerpt\">\r\n        Mistras Group SAS is upgrading its immersion tank options with a new removable turntable            <\/div>\r\n            <a class=\"element element_1674743507200  read_more\"\r\n            target=\"_self\"\r\n            href=\"https:\/\/www.eurosonic.com\/en\/2024\/06\/19\/1474\/\">Read more<\/a>\r\n        <\/div>\n  <\/div><div class=\"item item-1449 skin flat even 4\">\n        <div class=\"layer-wrapper layout-751\">\n          <div class=\"element element_1674663643915  thumb_link\">\r\n                    <a target=\"_self\" href=\"https:\/\/www.eurosonic.com\/en\/2024\/05\/28\/amp-pulser-1\/\"><img decoding=\"async\"\r\n                    alt=\"AMP Pulser 1 Side Mistras Eurosonic\" src=\"https:\/\/www.eurosonic.com\/wp-content\/uploads\/2024\/05\/AMP-Pulser1-Side-1024x768.jpg\"><\/a>\r\n            <\/div>\r\n    <div class=\"element element_1674663639443  title_link\">\r\n                    <a target=\"_self\"\r\n                href=\"https:\/\/www.eurosonic.com\/en\/2024\/05\/28\/amp-pulser-1\/\">AMP-Pulser\/1<\/a>\r\n            <\/div>\r\n    <div class=\"element element_1674743504033  excerpt\">\r\n        Mistras Group SAS completes its Ultrasonics range with a system that allows for the amplification of signals at the emission of the Ultrasonic shot instead of amplifying the reception.            <\/div>\r\n            <a class=\"element element_1674743507200  read_more\"\r\n            target=\"_self\"\r\n            href=\"https:\/\/www.eurosonic.com\/en\/2024\/05\/28\/amp-pulser-1\/\">Read more<\/a>\r\n        <\/div>\n  <\/div><div class=\"item item-1440 skin flat odd 5\">\n        <div class=\"layer-wrapper layout-751\">\n          <div class=\"element element_1674663643915  thumb_link\">\r\n                    <a target=\"_self\" href=\"https:\/\/www.eurosonic.com\/en\/2024\/03\/08\/banc-de-controle-2-axes-pour-tubes-composites\/\"><img decoding=\"async\"\r\n                    alt=\"2 axis scanner for composite tube inspection\" src=\"https:\/\/www.eurosonic.com\/wp-content\/uploads\/2024\/03\/2-axis-scanner-for-composite-tube-inspection-1024x498.jpg\"><\/a>\r\n            <\/div>\r\n    <div class=\"element element_1674663639443  title_link\">\r\n                    <a target=\"_self\"\r\n                href=\"https:\/\/www.eurosonic.com\/en\/2024\/03\/08\/banc-de-controle-2-axes-pour-tubes-composites\/\">2 axis manual scanner for composite tubes inspection<\/a>\r\n            <\/div>\r\n    <div class=\"element element_1674743504033  excerpt\">\r\n        New 2 axis manual scanner for internal\/external composite tube Ultrasonics inspection            <\/div>\r\n            <a class=\"element element_1674743507200  read_more\"\r\n            target=\"_self\"\r\n            href=\"https:\/\/www.eurosonic.com\/en\/2024\/03\/08\/banc-de-controle-2-axes-pour-tubes-composites\/\">Read more<\/a>\r\n        <\/div>\n  <\/div><div class=\"item item-1432 skin flat even 6\">\n        <div class=\"layer-wrapper layout-751\">\n          <div class=\"element element_1674663643915  thumb_link\">\r\n                    <a target=\"_self\" href=\"https:\/\/www.eurosonic.com\/en\/2023\/10\/31\/nouveau-portique-xy-manuel-de-table\/\"><img decoding=\"async\"\r\n                    alt=\"\" src=\"https:\/\/www.eurosonic.com\/wp-content\/uploads\/2023\/10\/20231019_133059_preview-1024x1024.jpg\"><\/a>\r\n            <\/div>\r\n    <div class=\"element element_1674663639443  title_link\">\r\n                    <a target=\"_self\"\r\n                href=\"https:\/\/www.eurosonic.com\/en\/2023\/10\/31\/nouveau-portique-xy-manuel-de-table\/\">New tabletop manual XY scanner<\/a>\r\n            <\/div>\r\n    <div class=\"element element_1674743504033  excerpt\">\r\n        Our Ultrasound for Education range continues to evolve with the introduction of a tabletop manual XY scanner.            <\/div>\r\n            <a class=\"element element_1674743507200  read_more\"\r\n            target=\"_self\"\r\n            href=\"https:\/\/www.eurosonic.com\/en\/2023\/10\/31\/nouveau-portique-xy-manuel-de-table\/\">Read more<\/a>\r\n        <\/div>\n  <\/div><div class=\"item item-1416 skin flat odd 7\">\n        <div class=\"layer-wrapper layout-751\">\n          <div class=\"element element_1674663643915  thumb_link\">\r\n                    <a target=\"_self\" href=\"https:\/\/www.eurosonic.com\/en\/2023\/07\/27\/le-systeme-samba\/\"><img decoding=\"async\"\r\n                    alt=\"\" src=\"https:\/\/www.eurosonic.com\/wp-content\/uploads\/2023\/07\/Picture-1b-SAMBA-1024x540.jpg\"><\/a>\r\n            <\/div>\r\n    <div class=\"element element_1674663639443  title_link\">\r\n                    <a target=\"_self\"\r\n                href=\"https:\/\/www.eurosonic.com\/en\/2023\/07\/27\/le-systeme-samba\/\">SAMBA: high-speed ultrasonic rail testing.<\/a>\r\n            <\/div>\r\n    <div class=\"element element_1674743504033  excerpt\">\r\n        Mistras completes its Ultrasonic product range with the new SAMBA system!            <\/div>\r\n            <a class=\"element element_1674743507200  read_more\"\r\n            target=\"_self\"\r\n            href=\"https:\/\/www.eurosonic.com\/en\/2023\/07\/27\/le-systeme-samba\/\">Read more<\/a>\r\n        <\/div>\n  <\/div><div class=\"item item-1379 skin flat even 8\">\n        <div class=\"layer-wrapper layout-751\">\n          <div class=\"element element_1674663643915  thumb_link\">\r\n                    <a target=\"_self\" href=\"https:\/\/www.eurosonic.com\/en\/2023\/06\/12\/cofrend-le-debrief\/\"><img decoding=\"async\"\r\n                    alt=\"\" src=\"https:\/\/www.eurosonic.com\/wp-content\/uploads\/2023\/06\/RobotCoffrend-1024x1024.png\"><\/a>\r\n            <\/div>\r\n    <div class=\"element element_1674663639443  title_link\">\r\n                    <a target=\"_self\"\r\n                href=\"https:\/\/www.eurosonic.com\/en\/2023\/06\/12\/cofrend-le-debrief\/\">COFREND debrief!<\/a>\r\n            <\/div>\r\n    <div class=\"element element_1674743504033  excerpt\">\r\n                    <\/div>\r\n            <a class=\"element element_1674743507200  read_more\"\r\n            target=\"_self\"\r\n            href=\"https:\/\/www.eurosonic.com\/en\/2023\/06\/12\/cofrend-le-debrief\/\">Read more<\/a>\r\n        <\/div>\n  <\/div><div class=\"item item-1366 skin flat odd 9\">\n        <div class=\"layer-wrapper layout-751\">\n          <div class=\"element element_1674663643915  thumb_link\">\r\n                    <a target=\"_self\" href=\"https:\/\/www.eurosonic.com\/en\/2023\/06\/01\/salon-cofrend-marseille-2023\/\"><img decoding=\"async\"\r\n                    alt=\"\" src=\"https:\/\/www.eurosonic.com\/wp-content\/uploads\/2023\/06\/AMP-Pulser8-scaled-1-1024x1024.jpg\"><\/a>\r\n            <\/div>\r\n    <div class=\"element element_1674663639443  title_link\">\r\n                    <a target=\"_self\"\r\n                href=\"https:\/\/www.eurosonic.com\/en\/2023\/06\/01\/salon-cofrend-marseille-2023\/\">COFREND exhibition Marseille 2023<\/a>\r\n            <\/div>\r\n    <div class=\"element element_1674743504033  excerpt\">\r\n        Mistras will be present at the COFREND exhibition in Marseille from June 6 to 8, 2023            <\/div>\r\n            <a class=\"element element_1674743507200  read_more\"\r\n            target=\"_self\"\r\n            href=\"https:\/\/www.eurosonic.com\/en\/2023\/06\/01\/salon-cofrend-marseille-2023\/\">Read more<\/a>\r\n        <\/div>\n  <\/div>    <\/div>\n    <div class=\"pagination\">\n      <div class=\"paginate\">\n    <span aria-current=\"page\" class=\"page-numbers current\">1<\/span>\n<a class=\"page-numbers\" href=\"https:\/\/www.eurosonic.com\/en\/wp-json\/wp\/v2\/pages\/190\/page\/2\/\">2<\/a>\n<a class=\"page-numbers\" href=\"https:\/\/www.eurosonic.com\/en\/wp-json\/wp\/v2\/pages\/190\/page\/3\/\">3<\/a>\n<a class=\"next page-numbers\" href=\"https:\/\/www.eurosonic.com\/en\/wp-json\/wp\/v2\/pages\/190\/page\/2\/\">Next<\/a>  <\/div>\n  <style type=\"text\/css\">\n    #post-grid-663 .pagination .page-numbers {\n      font-size: 16px;\n      color: #fff;\n      background: #646464;\n    }\n\n    #post-grid-663 .pagination .page-numbers:hover,\n    #post-grid-663 .pagination .page-numbers.current {\n      background: #4b4b4b;\n    }\n  <\/style>\n  <\/div>\n    <style type=\"text\/css\">\r\n        .layout-751 .element_1674663643915 {\r\n            overflow: hidden;\r\n                    }\r\n\r\n        .layout-751 .element_1674663643915 img {\r\n            max-width: 100%;\r\n            height: auto;\r\n        }\r\n\r\n        @media only screen and (min-width: 1024px) {\r\n            .layout-751 .element_1674663643915 {\r\n                            }\r\n        }\r\n\r\n        @media only screen and (min-width: 768px) and (max-width: 1023px) {\r\n            .layout-751 .element_1674663643915 {\r\n                            }\r\n        }\r\n\r\n        @media only screen and (min-width: 0px) and (max-width: 767px) {\r\n            .layout-751 .element_1674663643915 {\r\n                            }\r\n        }\r\n    <\/style>\r\n    <style type=\"text\/css\">\r\n        .layout-751 .element_1674663639443 {\r\n            text-align: center;\r\n            font: 30px &quot;Raleway&quot;,&quot;sans-serif&quot;,&quot;Helvetica Neue&quot;,&quot;Helvetica&quot;,&quot;Arial&quot;;\r\ncolor: #ffffff;        }\r\n\r\n        .layout-751 .element_1674663639443:hover {\r\n            color: #CC5C28;        }\r\n\r\n        .layout-751 .element_1674663639443 a {\r\n                    }\r\n    <\/style>\r\n    <style type=\"text\/css\">\r\n        .layout-751 .element_1674743504033 {\r\n            font-size: 15px;\r\n            margin: 10px 0;\r\n            text-align: center;\r\n            font: 20px &quot;Raleway&quot;,&quot;sans-serif&quot;,&quot;Helvetica Neue&quot;,&quot;Helvetica&quot;,&quot;Arial&quot;;        }\r\n\r\n        .layout-751 .element_1674743504033 a {\r\n            font-size: 15px;\r\n                    }\r\n    <\/style>\r\n    <style type=\"text\/css\">\r\n        .layout-751 .element_1674743507200 {\r\n            text-align: center;\r\n            font: 20px &quot;Raleway&quot;,&quot;sans-serif&quot;,&quot;Helvetica Neue&quot;,&quot;Helvetica&quot;,&quot;Arial&quot;;\r\nbackground-color: #0055a5;\r\npadding-inline: 3% 3%;\r\npadding-top: 1%;\r\ncolor: #ffffff;\r\npadding-bottom: 1%;        }\r\n\r\n        .layout-751 .element_1674743507200:hover {\r\n            color: #CC5C28;        }\r\n\r\n        .layout-751 .element_1674743507200 a {\r\n                    }\r\n    <\/style>\r\n      <script>\n          <\/script>\n    <style type=\"text\/css\">\n    #post-grid-663 {\n      padding: 10px;\n          }\n\n    #post-grid-663 .item {\n      padding: 0px;\n      background: #0d2149;\n          }\n\n    #post-grid-663 .item .layer-media {\n      height:auto;    }\n\n    @media only screen and (min-width: 0px) and (max-width: 767px) {\n      #post-grid-663 .grid-items {\n        text-align: center;\n              }\n\n      #post-grid-663 .item {\n        width: 95%;\n        margin: 10px;\n        display: inline-block;\n        vertical-align: top;\n        height:auto;      }\n    }\n\n    @media only screen and (min-width: 768px) and (max-width: 1023px) {\n      #post-grid-663 .grid-items {\n        text-align: center;\n              }\n\n      #post-grid-663 .item {\n        width: 42%;\n        margin: 10px;\n        display: inline-block;\n        vertical-align: top;\n        max-height:auto;      }\n    }\n\n    @media only screen and (min-width: 1024px) {\n      #post-grid-663 .grid-items {\n        text-align: center;\n              }\n\n      #post-grid-663 .item {\n        width: 30%;\n        display: inline-block;\n        margin: 10px;\n        vertical-align: top;\n        height:auto;      }\n    }\n\n      <\/style>\n  <\/div>\n<\/div><\/div><\/div><\/div>","protected":false},"excerpt":{"rendered":"<p>Manipulateur Manuel MM5-5 pour cuve Immersion Manipulateur manuel pour un r\u00e9glage rapide sur 2 angles Lire la suite Cuve Immersion MiniScan XY 2 axes motoris\u00e9s pour les centres de formation professionnelles ou acad\u00e9miques Lire la suite Cuves Immersion T10-HR Cuve immersion de nouvelle g\u00e9n\u00e9ration pour le contr\u00f4le non destructif par Ultrasons. Lire la suite Plateau tournant amovible T-D350 Mistras Group SAS fait \u00e9voluer sa gamme avec un nouveau plateau tournant amovible (T-D350). Lire la suite AMP-Pulser\/1 Mistras Group SAS compl\u00e8te sa gamme Ultrasons avec un syst\u00e8me qui permet d\u2019amplifier les signaux \u00e0 l\u2019\u00e9mission du tir Ultrasons au lieu d\u2019amplifier la r\u00e9ception. Lire la suite Banc de contr\u00f4le 2 axes pour tubes composites Un nouveau banc de contr\u00f4le de tubes 2 axes manuels est disponible au catalogue de Mistras. Lire la suite Nouveau portique XY manuel de table Notre gamme Ultrasons pour l\u2019enseignement continue d\u2019\u00e9voluer avec la mise \u00e0 disposition d\u2019une portique XY manuel de table. Lire la suite SAMBA : le contr\u00f4le de rail par Ultrasons \u00e0 grande vitesse. Mistras compl\u00e8te sa gamme de produit Ultrasons avec le nouveau syst\u00e8me SAMBA ! Lire la suite COFREND le debrief ! Lire la suite Salon COFREND Marseille 2023 Mistras sera pr\u00e9sent au salon COFREND de Marseille du 6 au 8 juin 2023 Lire la suite 1 2 3 Next \u00bb<\/p>","protected":false},"author":1,"featured_media":0,"parent":0,"menu_order":0,"comment_status":"closed","ping_status":"closed","template":"","meta":{"footnotes":""},"class_list":["post-190","page","type-page","status-publish","hentry","post"],"_links":{"self":[{"href":"https:\/\/www.eurosonic.com\/en\/wp-json\/wp\/v2\/pages\/190","targetHints":{"allow":["GET"]}}],"collection":[{"href":"https:\/\/www.eurosonic.com\/en\/wp-json\/wp\/v2\/pages"}],"about":[{"href":"https:\/\/www.eurosonic.com\/en\/wp-json\/wp\/v2\/types\/page"}],"author":[{"embeddable":true,"href":"https:\/\/www.eurosonic.com\/en\/wp-json\/wp\/v2\/users\/1"}],"replies":[{"embeddable":true,"href":"https:\/\/www.eurosonic.com\/en\/wp-json\/wp\/v2\/comments?post=190"}],"version-history":[{"count":6,"href":"https:\/\/www.eurosonic.com\/en\/wp-json\/wp\/v2\/pages\/190\/revisions"}],"predecessor-version":[{"id":1038,"href":"https:\/\/www.eurosonic.com\/en\/wp-json\/wp\/v2\/pages\/190\/revisions\/1038"}],"wp:attachment":[{"href":"https:\/\/www.eurosonic.com\/en\/wp-json\/wp\/v2\/media?parent=190"}],"curies":[{"name":"wp","href":"https:\/\/api.w.org\/{rel}","templated":true}]}}