{"id":350,"date":"2023-01-12T15:17:46","date_gmt":"2023-01-12T14:17:46","guid":{"rendered":"http:\/\/localhost\/wordpress\/?p=350"},"modified":"2023-05-24T15:39:38","modified_gmt":"2023-05-24T13:39:38","slug":"runner-m-2m","status":"publish","type":"page","link":"https:\/\/www.eurosonic.com\/en\/produits-systemes-ultrasons-eurosonic\/scanners-manuels\/runner-m-2m\/","title":{"rendered":"RUNNER M\/2M"},"content":{"rendered":"<p><a href=\"http:\/\/www.eurosonic.com\/wp-content\/uploads\/2022\/12\/ultrasons_scanners-manuels_runner-m_2m-resized.png\"><img loading=\"lazy\" decoding=\"async\" class=\"size-medium wp-image-49 aligncenter\" src=\"http:\/\/www.eurosonic.com\/wp-content\/uploads\/2022\/12\/ultrasons_scanners-manuels_runner-m_2m-resized-300x300.png\" alt=\"\" width=\"300\" height=\"300\" srcset=\"https:\/\/www.eurosonic.com\/wp-content\/uploads\/2022\/12\/ultrasons_scanners-manuels_runner-m_2m-resized-300x300.png 300w, https:\/\/www.eurosonic.com\/wp-content\/uploads\/2022\/12\/ultrasons_scanners-manuels_runner-m_2m-resized-150x150.png 150w, https:\/\/www.eurosonic.com\/wp-content\/uploads\/2022\/12\/ultrasons_scanners-manuels_runner-m_2m-resized-12x12.png 12w, https:\/\/www.eurosonic.com\/wp-content\/uploads\/2022\/12\/ultrasons_scanners-manuels_runner-m_2m-resized.png 313w\" sizes=\"auto, (max-width: 300px) 100vw, 300px\" \/><\/a><\/p>\n<p style=\"text-align: justify;\">It consists of a metal carrier equipped with 3 magnetic wheels coded in displacement. The operator can interface to the Runner M\/2M, 1 or 2 TOFD crews to perform a welding inspection.<\/p>","protected":false},"excerpt":{"rendered":"<p>Il se compose d&rsquo;un porteur m\u00e9tallique \u00e9quip\u00e9 de 3 roues magn\u00e9tiques cod\u00e9es en d\u00e9placement<\/p>","protected":false},"author":1,"featured_media":49,"parent":332,"menu_order":0,"comment_status":"closed","ping_status":"closed","template":"","meta":{"footnotes":""},"class_list":["post-350","page","type-page","status-publish","has-post-thumbnail","hentry","post","post-with-thumbnail","post-with-thumbnail-large"],"_links":{"self":[{"href":"https:\/\/www.eurosonic.com\/en\/wp-json\/wp\/v2\/pages\/350","targetHints":{"allow":["GET"]}}],"collection":[{"href":"https:\/\/www.eurosonic.com\/en\/wp-json\/wp\/v2\/pages"}],"about":[{"href":"https:\/\/www.eurosonic.com\/en\/wp-json\/wp\/v2\/types\/page"}],"author":[{"embeddable":true,"href":"https:\/\/www.eurosonic.com\/en\/wp-json\/wp\/v2\/users\/1"}],"replies":[{"embeddable":true,"href":"https:\/\/www.eurosonic.com\/en\/wp-json\/wp\/v2\/comments?post=350"}],"version-history":[{"count":4,"href":"https:\/\/www.eurosonic.com\/en\/wp-json\/wp\/v2\/pages\/350\/revisions"}],"predecessor-version":[{"id":1306,"href":"https:\/\/www.eurosonic.com\/en\/wp-json\/wp\/v2\/pages\/350\/revisions\/1306"}],"up":[{"embeddable":true,"href":"https:\/\/www.eurosonic.com\/en\/wp-json\/wp\/v2\/pages\/332"}],"wp:featuredmedia":[{"embeddable":true,"href":"https:\/\/www.eurosonic.com\/en\/wp-json\/wp\/v2\/media\/49"}],"wp:attachment":[{"href":"https:\/\/www.eurosonic.com\/en\/wp-json\/wp\/v2\/media?parent=350"}],"curies":[{"name":"wp","href":"https:\/\/api.w.org\/{rel}","templated":true}]}}