{"id":381,"date":"2023-01-12T16:03:12","date_gmt":"2023-01-12T15:03:12","guid":{"rendered":"http:\/\/localhost\/wordpress\/?page_id=381"},"modified":"2023-02-09T11:39:48","modified_gmt":"2023-02-09T10:39:48","slug":"systemes-de-telesurveillance-temps-reel","status":"publish","type":"page","link":"https:\/\/www.eurosonic.com\/en\/produits-systemes-ultrasons-eurosonic\/systemes-de-telesurveillance-temps-reel\/","title":{"rendered":"Real time monitoring"},"content":{"rendered":"<div id=\"pl-381\"  class=\"panel-layout\" ><div id=\"pg-381-0\"  class=\"panel-grid panel-no-style\" ><div id=\"pgc-381-0-0\"  class=\"panel-grid-cell\" ><div id=\"panel-381-0-0-0\" class=\"so-panel widget widget_text panel-first-child\" data-index=\"0\" ><div class=\"panel-widget-style panel-widget-style-for-381-0-0-0\" >\t\t\t<div class=\"textwidget\"><p>The monitoring of industrial goods and processes is a major current issue, whose development should accelerate in the years to come.<\/p>\n<p>MISTRAS is a recognized player in the market and continues to offer innovative technological solutions, not only in Acoustic Emission but also in Ultrasound. Consult us if you are looking for a local or global monitoring solution for your installation.<\/p>\n<\/div>\n\t\t<\/div><\/div><div id=\"panel-381-0-0-1\" class=\"so-panel widget widget_block panel-last-child\" data-index=\"1\" >      <div id=\"post-grid-lazy-574\" class=\"post-grid-lazy\"><img decoding=\"async\" alt=\"\" src=\"\" \/><\/div>\n    <script>\n      jQuery('#post-grid-lazy-574').ready(function($) {\n        $('#post-grid-lazy-574').fadeOut();\n        $('#post-grid-574   ').fadeIn();\n      })\n    <\/script>\n    <style type=\"text\/css\">\n      #post-grid-574 {\n        display: none;\n      }\n\n      .post-grid-lazy {\n        text-align: center;\n      }\n    <\/style>\n    <div data-options='{&quot;id&quot;:&quot;574&quot;,&quot;lazy_load&quot;:&quot;yes&quot;,&quot;masonry_enable&quot;:&quot;no&quot;,&quot;view_type&quot;:&quot;grid&quot;}' id=\"post-grid-574\" class=\"post-grid grid\">\n    \n\n\n    <div class=\"grid-items\">\n      <div class=\"item item-1230 skin flat even 0\">\n        <div class=\"layer-wrapper layout-751\">\n          <div class=\"element element_1674663643915  thumb_link\">\r\n                    <a target=\"_self\" href=\"https:\/\/www.eurosonic.com\/en\/produits-systemes-ultrasons-eurosonic\/systemes-de-telesurveillance-temps-reel\/1230-2\/\"><img decoding=\"async\"\r\n                    alt=\"\" src=\"https:\/\/www.eurosonic.com\/wp-content\/uploads\/2023\/04\/8m-PLC-RectoVerso-1024x1024.png\"><\/a>\r\n            <\/div>\r\n    <div class=\"element element_1674663639443  title_link\">\r\n                    <a target=\"_self\"\r\n                href=\"https:\/\/www.eurosonic.com\/en\/produits-systemes-ultrasons-eurosonic\/systemes-de-telesurveillance-temps-reel\/1230-2\/\">8M-PLC<\/a>\r\n            <\/div>\r\n    <div class=\"element element_1674743504033  excerpt\">\r\n        This system has 8 independent US measurement channels that can be easily set up through the configuration interface.            <\/div>\r\n            <a class=\"element element_1674743507200  read_more\"\r\n            target=\"_self\"\r\n            href=\"https:\/\/www.eurosonic.com\/en\/produits-systemes-ultrasons-eurosonic\/systemes-de-telesurveillance-temps-reel\/1230-2\/\">Read more<\/a>\r\n        <\/div>\n  <\/div><div class=\"item item-148 skin flat odd 1\">\n        <div class=\"layer-wrapper layout-751\">\n          <div class=\"element element_1674663643915  thumb_link\">\r\n                    <a target=\"_self\" href=\"https:\/\/www.eurosonic.com\/en\/produits-systemes-ultrasons-eurosonic\/systemes-de-telesurveillance-temps-reel\/caliperay\/\"><img decoding=\"async\"\r\n                    alt=\"\" src=\"https:\/\/www.eurosonic.com\/wp-content\/uploads\/2022\/12\/ultrasons_systemes-de-telesurveillance-temps-reel_caliperay.png\"><\/a>\r\n            <\/div>\r\n    <div class=\"element element_1674663639443  title_link\">\r\n                    <a target=\"_self\"\r\n                href=\"https:\/\/www.eurosonic.com\/en\/produits-systemes-ultrasons-eurosonic\/systemes-de-telesurveillance-temps-reel\/caliperay\/\">CALIPERAY\u00ae<\/a>\r\n            <\/div>\r\n    <div class=\"element element_1674743504033  excerpt\">\r\n        The UT system  Caliperay\u00ae allows to follow the evolution of the residual thickness (corrosion\/erosion) remotely and to monitor the integrity of industrial installations.            <\/div>\r\n            <a class=\"element element_1674743507200  read_more\"\r\n            target=\"_self\"\r\n            href=\"https:\/\/www.eurosonic.com\/en\/produits-systemes-ultrasons-eurosonic\/systemes-de-telesurveillance-temps-reel\/caliperay\/\">Read more<\/a>\r\n        <\/div>\n  <\/div><div class=\"item item-150 skin flat even 2\">\n        <div class=\"layer-wrapper layout-751\">\n          <div class=\"element element_1674663643915  thumb_link\">\r\n                    <a target=\"_self\" href=\"https:\/\/www.eurosonic.com\/en\/produits-systemes-ultrasons-eurosonic\/systemes-de-telesurveillance-temps-reel\/monitoring-ultrasonore-rapide\/\"><img decoding=\"async\"\r\n                    alt=\"\" src=\"https:\/\/www.eurosonic.com\/wp-content\/uploads\/2022\/12\/ultrasons_systemes-de-telesurveillance-temps-reel_Monitoring-ultrasonore-rapide58p-v2.png\"><\/a>\r\n            <\/div>\r\n    <div class=\"element element_1674663639443  title_link\">\r\n                    <a target=\"_self\"\r\n                href=\"https:\/\/www.eurosonic.com\/en\/produits-systemes-ultrasons-eurosonic\/systemes-de-telesurveillance-temps-reel\/monitoring-ultrasonore-rapide\/\">FAST UT MONITORING<\/a>\r\n            <\/div>\r\n    <div class=\"element element_1674743504033  excerpt\">\r\n        MISTRAS offers unique multi-channel ultrasonic monitoring solutions for process monitoring or rapid physical-chemical testing            <\/div>\r\n            <a class=\"element element_1674743507200  read_more\"\r\n            target=\"_self\"\r\n            href=\"https:\/\/www.eurosonic.com\/en\/produits-systemes-ultrasons-eurosonic\/systemes-de-telesurveillance-temps-reel\/monitoring-ultrasonore-rapide\/\">Read more<\/a>\r\n        <\/div>\n  <\/div>    <\/div>\n    <div class=\"pagination\">\n      <div class=\"paginate\">\n      <\/div>\n  <style type=\"text\/css\">\n    #post-grid-574 .pagination .page-numbers {\n      font-size: 16px;\n      color: #fff;\n      background: #646464;\n    }\n\n    #post-grid-574 .pagination .page-numbers:hover,\n    #post-grid-574 .pagination .page-numbers.current {\n      background: #4b4b4b;\n    }\n  <\/style>\n  <\/div>\n    <style type=\"text\/css\">\r\n        .layout-751 .element_1674663643915 {\r\n            overflow: hidden;\r\n                    }\r\n\r\n        .layout-751 .element_1674663643915 img {\r\n            max-width: 100%;\r\n            height: auto;\r\n        }\r\n\r\n        @media only screen and (min-width: 1024px) {\r\n            .layout-751 .element_1674663643915 {\r\n                            }\r\n        }\r\n\r\n        @media only screen and (min-width: 768px) and (max-width: 1023px) {\r\n            .layout-751 .element_1674663643915 {\r\n                            }\r\n        }\r\n\r\n        @media only screen and (min-width: 0px) and (max-width: 767px) {\r\n            .layout-751 .element_1674663643915 {\r\n                            }\r\n        }\r\n    <\/style>\r\n    <style type=\"text\/css\">\r\n        .layout-751 .element_1674663639443 {\r\n            text-align: center;\r\n            font: 30px &quot;Raleway&quot;,&quot;sans-serif&quot;,&quot;Helvetica Neue&quot;,&quot;Helvetica&quot;,&quot;Arial&quot;;\r\ncolor: #ffffff;        }\r\n\r\n        .layout-751 .element_1674663639443:hover {\r\n            color: #CC5C28;        }\r\n\r\n        .layout-751 .element_1674663639443 a {\r\n                    }\r\n    <\/style>\r\n    <style type=\"text\/css\">\r\n        .layout-751 .element_1674743504033 {\r\n            font-size: 15px;\r\n            margin: 10px 0;\r\n            text-align: center;\r\n            font: 20px &quot;Raleway&quot;,&quot;sans-serif&quot;,&quot;Helvetica Neue&quot;,&quot;Helvetica&quot;,&quot;Arial&quot;;        }\r\n\r\n        .layout-751 .element_1674743504033 a {\r\n            font-size: 15px;\r\n                    }\r\n    <\/style>\r\n    <style type=\"text\/css\">\r\n        .layout-751 .element_1674743507200 {\r\n            text-align: center;\r\n            font: 20px &quot;Raleway&quot;,&quot;sans-serif&quot;,&quot;Helvetica Neue&quot;,&quot;Helvetica&quot;,&quot;Arial&quot;;\r\nbackground-color: #0055a5;\r\npadding-inline: 3% 3%;\r\npadding-top: 1%;\r\ncolor: #ffffff;\r\npadding-bottom: 1%;        }\r\n\r\n        .layout-751 .element_1674743507200:hover {\r\n            color: #CC5C28;        }\r\n\r\n        .layout-751 .element_1674743507200 a {\r\n                    }\r\n    <\/style>\r\n      <script>\n          <\/script>\n    <style type=\"text\/css\">\n    #post-grid-574 {\n      padding: 10px;\n          }\n\n    #post-grid-574 .item {\n      padding: 0px;\n      background: #0d2149;\n          }\n\n    #post-grid-574 .item .layer-media {\n      height:auto;    }\n\n    @media only screen and (min-width: 0px) and (max-width: 767px) {\n      #post-grid-574 .grid-items {\n        text-align: center;\n              }\n\n      #post-grid-574 .item {\n        width: 95%;\n        margin: 10px;\n        display: inline-block;\n        vertical-align: top;\n        height:auto;      }\n    }\n\n    @media only screen and (min-width: 768px) and (max-width: 1023px) {\n      #post-grid-574 .grid-items {\n        text-align: center;\n              }\n\n      #post-grid-574 .item {\n        width: 42%;\n        margin: 10px;\n        display: inline-block;\n        vertical-align: top;\n        max-height:auto;      }\n    }\n\n    @media only screen and (min-width: 1024px) {\n      #post-grid-574 .grid-items {\n        text-align: center;\n              }\n\n      #post-grid-574 .item {\n        width: 30%;\n        display: inline-block;\n        margin: 10px;\n        vertical-align: top;\n        height:auto;      }\n    }\n\n      <\/style>\n  <\/div>\n<\/div><\/div><\/div><\/div>","protected":false},"excerpt":{"rendered":"<p>Le monitoring des biens industriels et des proc\u00e9d\u00e9s est un enjeu actuel majeur, dont le d\u00e9veloppement devrait s\u2019acc\u00e9l\u00e9rer dans les ann\u00e9es \u00e0 venir. MISTRAS est un acteur reconnu sur le march\u00e9 et continue \u00e0 proposer des solutions technologiques innovantes, non seulement en Emission Acoustique mais aussi une Ultrasons. Consultez-nous si vous \u00eates \u00e0 la recherche d&rsquo;une solution de monitoring locale ou globale pour votre installation.<\/p>","protected":false},"author":1,"featured_media":0,"parent":414,"menu_order":0,"comment_status":"closed","ping_status":"closed","template":"","meta":{"footnotes":""},"class_list":["post-381","page","type-page","status-publish","hentry","post"],"_links":{"self":[{"href":"https:\/\/www.eurosonic.com\/en\/wp-json\/wp\/v2\/pages\/381","targetHints":{"allow":["GET"]}}],"collection":[{"href":"https:\/\/www.eurosonic.com\/en\/wp-json\/wp\/v2\/pages"}],"about":[{"href":"https:\/\/www.eurosonic.com\/en\/wp-json\/wp\/v2\/types\/page"}],"author":[{"embeddable":true,"href":"https:\/\/www.eurosonic.com\/en\/wp-json\/wp\/v2\/users\/1"}],"replies":[{"embeddable":true,"href":"https:\/\/www.eurosonic.com\/en\/wp-json\/wp\/v2\/comments?post=381"}],"version-history":[{"count":15,"href":"https:\/\/www.eurosonic.com\/en\/wp-json\/wp\/v2\/pages\/381\/revisions"}],"predecessor-version":[{"id":611,"href":"https:\/\/www.eurosonic.com\/en\/wp-json\/wp\/v2\/pages\/381\/revisions\/611"}],"up":[{"embeddable":true,"href":"https:\/\/www.eurosonic.com\/en\/wp-json\/wp\/v2\/pages\/414"}],"wp:attachment":[{"href":"https:\/\/www.eurosonic.com\/en\/wp-json\/wp\/v2\/media?parent=381"}],"curies":[{"name":"wp","href":"https:\/\/api.w.org\/{rel}","templated":true}]}}