{"id":387,"date":"2023-01-12T16:08:16","date_gmt":"2023-01-12T15:08:16","guid":{"rendered":"http:\/\/localhost\/wordpress\/?page_id=387"},"modified":"2023-02-09T11:40:43","modified_gmt":"2023-02-09T10:40:43","slug":"pack-soudure-tofd","status":"publish","type":"page","link":"https:\/\/www.eurosonic.com\/en\/produits-systemes-ultrasons-eurosonic\/pack-soudure-tofd\/","title":{"rendered":"TOFD Pack"},"content":{"rendered":"<div id=\"pl-387\"  class=\"panel-layout\" ><div id=\"pg-387-0\"  class=\"panel-grid panel-no-style\" ><div id=\"pgc-387-0-0\"  class=\"panel-grid-cell\" ><div id=\"panel-387-0-0-0\" class=\"so-panel widget widget_text panel-first-child\" data-index=\"0\" ><div class=\"panel-widget-style panel-widget-style-for-387-0-0-0\" >\t\t\t<div class=\"textwidget\"><p>We offer conventional\/TOFD inspection packages.<br \/>\nTheses upgradable packages include UT generator, translator set, scanner and software. From Practical Work (PT) to service, our packs are adapted to all needs.<\/p>\n<\/div>\n\t\t<\/div><\/div><div id=\"panel-387-0-0-1\" class=\"so-panel widget widget_block panel-last-child\" data-index=\"1\" >      <div id=\"post-grid-lazy-571\" class=\"post-grid-lazy\"><img decoding=\"async\" alt=\"\" src=\"\" \/><\/div>\n    <script>\n      jQuery('#post-grid-lazy-571').ready(function($) {\n        $('#post-grid-lazy-571').fadeOut();\n        $('#post-grid-571   ').fadeIn();\n      })\n    <\/script>\n    <style type=\"text\/css\">\n      #post-grid-571 {\n        display: none;\n      }\n\n      .post-grid-lazy {\n        text-align: center;\n      }\n    <\/style>\n    <div data-options='{&quot;id&quot;:&quot;571&quot;,&quot;lazy_load&quot;:&quot;yes&quot;,&quot;masonry_enable&quot;:&quot;no&quot;,&quot;view_type&quot;:&quot;grid&quot;}' id=\"post-grid-571\" class=\"post-grid grid\">\n    \n\n\n    <div class=\"grid-items\">\n      <div class=\"item item-158 skin flat even 0\">\n        <div class=\"layer-wrapper layout-751\">\n          <div class=\"element element_1674663643915  thumb_link\">\r\n                    <a target=\"_self\" href=\"https:\/\/www.eurosonic.com\/en\/produits-systemes-ultrasons-eurosonic\/pack-soudure-tofd\/pack-starter\/\"><img decoding=\"async\"\r\n                    alt=\"\" src=\"https:\/\/www.eurosonic.com\/wp-content\/uploads\/2022\/12\/ultrasons_pack-soudure-tofd_pack-starter.png\"><\/a>\r\n            <\/div>\r\n    <div class=\"element element_1674663639443  title_link\">\r\n                    <a target=\"_self\"\r\n                href=\"https:\/\/www.eurosonic.com\/en\/produits-systemes-ultrasons-eurosonic\/pack-soudure-tofd\/pack-starter\/\">PACK STARTER<\/a>\r\n            <\/div>\r\n    <div class=\"element element_1674743504033  excerpt\">\r\n        Composed of an Ultrasound module UTC110, the Euroscan V software and Ultrasound translators, this evolutive pack (microRunner2, wire encoder...) allows to start quickly in Ultrasound NDT.            <\/div>\r\n            <a class=\"element element_1674743507200  read_more\"\r\n            target=\"_self\"\r\n            href=\"https:\/\/www.eurosonic.com\/en\/produits-systemes-ultrasons-eurosonic\/pack-soudure-tofd\/pack-starter\/\">Read more<\/a>\r\n        <\/div>\n  <\/div><div class=\"item item-160 skin flat odd 1\">\n        <div class=\"layer-wrapper layout-751\">\n          <div class=\"element element_1674663643915  thumb_link\">\r\n                    <a target=\"_self\" href=\"https:\/\/www.eurosonic.com\/en\/produits-systemes-ultrasons-eurosonic\/pack-soudure-tofd\/pack-tofd-pro\/\"><img decoding=\"async\"\r\n                    alt=\"\" src=\"https:\/\/www.eurosonic.com\/wp-content\/uploads\/2022\/12\/ultrasons_pack-soudure-tofd_pack-pro.png\"><\/a>\r\n            <\/div>\r\n    <div class=\"element element_1674663639443  title_link\">\r\n                    <a target=\"_self\"\r\n                href=\"https:\/\/www.eurosonic.com\/en\/produits-systemes-ultrasons-eurosonic\/pack-soudure-tofd\/pack-tofd-pro\/\">PACK TOFD PRO<\/a>\r\n            <\/div>\r\n    <div class=\"element element_1674743504033  excerpt\">\r\n        Composed of the Runner M scanner, a complete TOFD train and the UTC 110-Euroscan Ultrasound solution, this package, designed for on-site service, constitutes an efficient worksite solution.            <\/div>\r\n            <a class=\"element element_1674743507200  read_more\"\r\n            target=\"_self\"\r\n            href=\"https:\/\/www.eurosonic.com\/en\/produits-systemes-ultrasons-eurosonic\/pack-soudure-tofd\/pack-tofd-pro\/\">Read more<\/a>\r\n        <\/div>\n  <\/div><div class=\"item item-162 skin flat even 2\">\n        <div class=\"layer-wrapper layout-751\">\n          <div class=\"element element_1674663643915  thumb_link\">\r\n                    <a target=\"_self\" href=\"https:\/\/www.eurosonic.com\/en\/produits-systemes-ultrasons-eurosonic\/pack-soudure-tofd\/pack-tofd-pro-multivoies\/\"><img decoding=\"async\"\r\n                    alt=\"\" src=\"https:\/\/www.eurosonic.com\/wp-content\/uploads\/2022\/12\/ultrasons_pack-soudure-tofd_pack-pro-multivoies.png\"><\/a>\r\n            <\/div>\r\n    <div class=\"element element_1674663639443  title_link\">\r\n                    <a target=\"_self\"\r\n                href=\"https:\/\/www.eurosonic.com\/en\/produits-systemes-ultrasons-eurosonic\/pack-soudure-tofd\/pack-tofd-pro-multivoies\/\">PACK TOFD PRO MULTIVOIES<\/a>\r\n            <\/div>\r\n    <div class=\"element element_1674743504033  excerpt\">\r\n        This pack is an evolution of the TOFD Pro Pack by integrating the 8M multi-channel Ultrasonic module. The operator can then work with 2 TOFD trains, in order to reduce the inspection time.            <\/div>\r\n            <a class=\"element element_1674743507200  read_more\"\r\n            target=\"_self\"\r\n            href=\"https:\/\/www.eurosonic.com\/en\/produits-systemes-ultrasons-eurosonic\/pack-soudure-tofd\/pack-tofd-pro-multivoies\/\">Read more<\/a>\r\n        <\/div>\n  <\/div>    <\/div>\n    <div class=\"pagination\">\n      <div class=\"paginate\">\n      <\/div>\n  <style type=\"text\/css\">\n    #post-grid-571 .pagination .page-numbers {\n      font-size: 16px;\n      color: #fff;\n      background: #646464;\n    }\n\n    #post-grid-571 .pagination .page-numbers:hover,\n    #post-grid-571 .pagination .page-numbers.current {\n      background: #4b4b4b;\n    }\n  <\/style>\n  <\/div>\n    <style type=\"text\/css\">\r\n        .layout-751 .element_1674663643915 {\r\n            overflow: hidden;\r\n                    }\r\n\r\n        .layout-751 .element_1674663643915 img {\r\n            max-width: 100%;\r\n            height: auto;\r\n        }\r\n\r\n        @media only screen and (min-width: 1024px) {\r\n            .layout-751 .element_1674663643915 {\r\n                            }\r\n        }\r\n\r\n        @media only screen and (min-width: 768px) and (max-width: 1023px) {\r\n            .layout-751 .element_1674663643915 {\r\n                            }\r\n        }\r\n\r\n        @media only screen and (min-width: 0px) and (max-width: 767px) {\r\n            .layout-751 .element_1674663643915 {\r\n                            }\r\n        }\r\n    <\/style>\r\n    <style type=\"text\/css\">\r\n        .layout-751 .element_1674663639443 {\r\n            text-align: center;\r\n            font: 30px &quot;Raleway&quot;,&quot;sans-serif&quot;,&quot;Helvetica Neue&quot;,&quot;Helvetica&quot;,&quot;Arial&quot;;\r\ncolor: #ffffff;        }\r\n\r\n        .layout-751 .element_1674663639443:hover {\r\n            color: #CC5C28;        }\r\n\r\n        .layout-751 .element_1674663639443 a {\r\n                    }\r\n    <\/style>\r\n    <style type=\"text\/css\">\r\n        .layout-751 .element_1674743504033 {\r\n            font-size: 15px;\r\n            margin: 10px 0;\r\n            text-align: center;\r\n            font: 20px &quot;Raleway&quot;,&quot;sans-serif&quot;,&quot;Helvetica Neue&quot;,&quot;Helvetica&quot;,&quot;Arial&quot;;        }\r\n\r\n        .layout-751 .element_1674743504033 a {\r\n            font-size: 15px;\r\n                    }\r\n    <\/style>\r\n    <style type=\"text\/css\">\r\n        .layout-751 .element_1674743507200 {\r\n            text-align: center;\r\n            font: 20px &quot;Raleway&quot;,&quot;sans-serif&quot;,&quot;Helvetica Neue&quot;,&quot;Helvetica&quot;,&quot;Arial&quot;;\r\nbackground-color: #0055a5;\r\npadding-inline: 3% 3%;\r\npadding-top: 1%;\r\ncolor: #ffffff;\r\npadding-bottom: 1%;        }\r\n\r\n        .layout-751 .element_1674743507200:hover {\r\n            color: #CC5C28;        }\r\n\r\n        .layout-751 .element_1674743507200 a {\r\n                    }\r\n    <\/style>\r\n      <script>\n          <\/script>\n    <style type=\"text\/css\">\n    #post-grid-571 {\n      padding: 10px;\n          }\n\n    #post-grid-571 .item {\n      padding: 0px;\n      background: #0d2149;\n          }\n\n    #post-grid-571 .item .layer-media {\n      height:auto;    }\n\n    @media only screen and (min-width: 0px) and (max-width: 767px) {\n      #post-grid-571 .grid-items {\n        text-align: center;\n              }\n\n      #post-grid-571 .item {\n        width: 95%;\n        margin: 10px;\n        display: inline-block;\n        vertical-align: top;\n        height:auto;      }\n    }\n\n    @media only screen and (min-width: 768px) and (max-width: 1023px) {\n      #post-grid-571 .grid-items {\n        text-align: center;\n              }\n\n      #post-grid-571 .item {\n        width: 42%;\n        margin: 10px;\n        display: inline-block;\n        vertical-align: top;\n        max-height:auto;      }\n    }\n\n    @media only screen and (min-width: 1024px) {\n      #post-grid-571 .grid-items {\n        text-align: center;\n              }\n\n      #post-grid-571 .item {\n        width: 30%;\n        display: inline-block;\n        margin: 10px;\n        vertical-align: top;\n        height:auto;      }\n    }\n\n      <\/style>\n  <\/div>\n<\/div><\/div><\/div><\/div>","protected":false},"excerpt":{"rendered":"<p>Nous proposons des packs de contr\u00f4le de soudure conventionnels\/TOFD. Ces packs \u00e9volutifs incluent g\u00e9n\u00e9rateur Ultrasons, set de traducteurs, scanner et logiciel. Du Travaux Pratiques (TP) \u00e0 la prestation de service, nos packs sont adapt\u00e9s \u00e0 l&rsquo;ensemble des besoins.<\/p>","protected":false},"author":1,"featured_media":0,"parent":414,"menu_order":0,"comment_status":"closed","ping_status":"closed","template":"","meta":{"footnotes":""},"class_list":["post-387","page","type-page","status-publish","hentry","post"],"_links":{"self":[{"href":"https:\/\/www.eurosonic.com\/en\/wp-json\/wp\/v2\/pages\/387","targetHints":{"allow":["GET"]}}],"collection":[{"href":"https:\/\/www.eurosonic.com\/en\/wp-json\/wp\/v2\/pages"}],"about":[{"href":"https:\/\/www.eurosonic.com\/en\/wp-json\/wp\/v2\/types\/page"}],"author":[{"embeddable":true,"href":"https:\/\/www.eurosonic.com\/en\/wp-json\/wp\/v2\/users\/1"}],"replies":[{"embeddable":true,"href":"https:\/\/www.eurosonic.com\/en\/wp-json\/wp\/v2\/comments?post=387"}],"version-history":[{"count":17,"href":"https:\/\/www.eurosonic.com\/en\/wp-json\/wp\/v2\/pages\/387\/revisions"}],"predecessor-version":[{"id":392,"href":"https:\/\/www.eurosonic.com\/en\/wp-json\/wp\/v2\/pages\/387\/revisions\/392"}],"up":[{"embeddable":true,"href":"https:\/\/www.eurosonic.com\/en\/wp-json\/wp\/v2\/pages\/414"}],"wp:attachment":[{"href":"https:\/\/www.eurosonic.com\/en\/wp-json\/wp\/v2\/media?parent=387"}],"curies":[{"name":"wp","href":"https:\/\/api.w.org\/{rel}","templated":true}]}}